{"id":64,"date":"2025-09-27T23:16:48","date_gmt":"2025-09-27T21:16:48","guid":{"rendered":"https:\/\/serendipityconsultingsac.com\/?page_id=64"},"modified":"2025-10-03T17:45:09","modified_gmt":"2025-10-03T15:45:09","slug":"contactanos","status":"publish","type":"page","link":"https:\/\/serendipityconsultingsac.com\/en\/contactanos\/","title":{"rendered":"Contact Us"},"content":{"rendered":"<div style=\"background-image:url(&#039;https:\/\/serendipityconsultingsac.com\/wp-content\/uploads\/2025\/10\/5B-2.png&#039;);background-size:cover;\" class=\"wp-block-group alignwide has-global-padding is-layout-constrained wp-block-group-is-layout-constrained has-background\">\n<div class=\"wp-block-media-text alignwide is-stacked-on-mobile\" style=\"margin-top:0;margin-bottom:5%\"><figure class=\"wp-block-media-text__media\"><img loading=\"lazy\" decoding=\"async\" width=\"1024\" height=\"1024\" src=\"https:\/\/serendipityconsultingsac.com\/wp-content\/uploads\/2025\/09\/CONTACTANOS.png\" alt=\"\" class=\"wp-image-358 size-full\" srcset=\"https:\/\/serendipityconsultingsac.com\/wp-content\/uploads\/2025\/09\/CONTACTANOS.png 1024w, https:\/\/serendipityconsultingsac.com\/wp-content\/uploads\/2025\/09\/CONTACTANOS-300x300.png 300w, https:\/\/serendipityconsultingsac.com\/wp-content\/uploads\/2025\/09\/CONTACTANOS-150x150.png 150w, https:\/\/serendipityconsultingsac.com\/wp-content\/uploads\/2025\/09\/CONTACTANOS-768x768.png 768w\" sizes=\"auto, (max-width: 1024px) 100vw, 1024px\" \/><\/figure><div class=\"wp-block-media-text__content\">\n<p class=\"has-text-color has-link-color wp-elements-af231bd2f5e87579045c781d26b03ae6\" style=\"color:#4a4a4a;font-size:clamp(0.984em, 0.984rem + ((1vw - 0.2em) * 0.86), 1.5em);\"><strong><em>At Serendipity Consulting SAC, every project begins with a conversation. Tell us about your challenges, and together we'll create strategies that generate a tangible impact for your organization. We're here to listen, advise, and guide you on your path to excellence.<\/em><\/strong><\/p>\n<\/div><\/div>\n<\/div>\n\n\n<style id=\"wpforms-css-vars-362-block-db4b7844-3599-4f6a-a9a6-d628a12cc6fc\">\n\t\t\t\t#wpforms-362.wpforms-block-db4b7844-3599-4f6a-a9a6-d628a12cc6fc {\n\t\t\t\t--wpforms-label-color: #ffffff;\n--wpforms-label-sublabel-color: #ffffff;\n--wpforms-field-border-color: rgba(0, 0, 0, 0.25);\n--wpforms-field-border-color-spare: rgba(0, 0, 0, 0.25);\n--wpforms-field-text-color: #272727;\n--wpforms-button-background-color: #DB0F21;\n--wpforms-field-size-input-height: 43px;\n--wpforms-field-size-input-spacing: 15px;\n--wpforms-field-size-font-size: 16px;\n--wpforms-field-size-line-height: 19px;\n--wpforms-field-size-padding-h: 14px;\n--wpforms-field-size-checkbox-size: 16px;\n--wpforms-field-size-sublabel-spacing: 5px;\n--wpforms-field-size-icon-size: 1;\n--wpforms-label-size-font-size: 18px;\n--wpforms-label-size-line-height: 21px;\n--wpforms-label-size-sublabel-font-size: 16px;\n--wpforms-label-size-sublabel-line-height: 19px;\n--wpforms-button-size-font-size: 17px;\n--wpforms-button-size-height: 41px;\n--wpforms-button-size-padding-h: 15px;\n--wpforms-button-size-margin-top: 10px;\n\t\t\t}\n\t\t\t<\/style><div class=\"wpforms-container wpforms-container-full wpforms-block wpforms-block-db4b7844-3599-4f6a-a9a6-d628a12cc6fc wpforms-render-modern\" id=\"wpforms-362\"><form id=\"wpforms-form-362\" class=\"wpforms-validate wpforms-form wpforms-ajax-form\" data-formid=\"362\" method=\"post\" enctype=\"multipart\/form-data\" action=\"\/en\/wp-json\/wp\/v2\/pages\/64\" data-token=\"a6c55401080eb0c8164f741b28509cd3\" data-token-time=\"1776695741\" data-trp-original-action=\"\/en\/wp-json\/wp\/v2\/pages\/64\"><noscript class=\"wpforms-error-noscript\">Please enable JavaScript in your browser to complete this form.<\/noscript><div id=\"wpforms-error-noscript\" style=\"display: none;\">Please enable JavaScript in your browser to complete this form.<\/div><div class=\"wpforms-field-container\"><div id=\"wpforms-362-field_1-container\" class=\"wpforms-field wpforms-field-text\" data-field-id=\"1\"><label class=\"wpforms-field-label\" for=\"wpforms-362-field_1\">Full name <span class=\"wpforms-required-label\" aria-hidden=\"true\">*<\/span><\/label><input type=\"text\" id=\"wpforms-362-field_1\" class=\"wpforms-field-medium wpforms-field-required\" name=\"wpforms[fields][1]\" aria-errormessage=\"wpforms-362-field_1-error\" aria-describedby=\"wpforms-362-field_1-description\" required><div id=\"wpforms-362-field_1-description\" class=\"wpforms-field-description\">Enter your name<\/div><\/div><div id=\"wpforms-362-field_2-container\" class=\"wpforms-field wpforms-field-email\" data-field-id=\"2\"><label class=\"wpforms-field-label\" for=\"wpforms-362-field_2\">Email address <span class=\"wpforms-required-label\" aria-hidden=\"true\">*<\/span><\/label><input type=\"email\" id=\"wpforms-362-field_2\" class=\"wpforms-field-medium wpforms-field-required\" name=\"wpforms[fields][2]\" spellcheck=\"false\" aria-errormessage=\"wpforms-362-field_2-error\" aria-describedby=\"wpforms-362-field_2-description\" required><div id=\"wpforms-362-field_2-description\" class=\"wpforms-field-description\">Enter your email<\/div><\/div><div id=\"wpforms-362-field_3-container\" class=\"wpforms-field wpforms-field-text\" data-field-id=\"3\"><label class=\"wpforms-field-label\" for=\"wpforms-362-field_3\">Country <span class=\"wpforms-required-label\" aria-hidden=\"true\">*<\/span><\/label><input type=\"text\" id=\"wpforms-362-field_3\" class=\"wpforms-field-medium wpforms-field-required\" name=\"wpforms[fields][3]\" aria-errormessage=\"wpforms-362-field_3-error\" aria-describedby=\"wpforms-362-field_3-description\" required><div id=\"wpforms-362-field_3-description\" class=\"wpforms-field-description\">Where are you contacting us from?<\/div><\/div><div id=\"wpforms-362-field_4-container\" class=\"wpforms-field wpforms-field-text\" data-field-id=\"4\"><label class=\"wpforms-field-label\" for=\"wpforms-362-field_4\">Phone number <span class=\"wpforms-required-label\" aria-hidden=\"true\">*<\/span><\/label><input type=\"text\" id=\"wpforms-362-field_4\" class=\"wpforms-field-medium wpforms-field-required\" name=\"wpforms[fields][4]\" aria-errormessage=\"wpforms-362-field_4-error\" aria-describedby=\"wpforms-362-field_4-description\" required><div id=\"wpforms-362-field_4-description\" class=\"wpforms-field-description\">Enter your contact number<\/div><\/div><div id=\"wpforms-362-field_6-container\" class=\"wpforms-field wpforms-field-text\" data-field-id=\"6\"><label class=\"wpforms-field-label\" for=\"wpforms-362-field_6\">Company<\/label><input type=\"text\" id=\"wpforms-362-field_6\" class=\"wpforms-field-medium\" name=\"wpforms[fields][6]\" aria-errormessage=\"wpforms-362-field_6-error\" aria-describedby=\"wpforms-362-field_6-description\" ><div id=\"wpforms-362-field_6-description\" class=\"wpforms-field-description\">Enter your organization's name<\/div><\/div>\t\t<div id=\"wpforms-362-field_5-container\"\n\t\t\tclass=\"wpforms-field wpforms-field-text\"\n\t\t\tdata-field-type=\"text\"\n\t\t\tdata-field-id=\"5\"\n\t\t\t>\n\t\t\t<label class=\"wpforms-field-label\" for=\"wpforms-362-field_5\" >electr\u00f3nico completo Empresa<\/label>\n\t\t\t<input type=\"text\" id=\"wpforms-362-field_5\" class=\"wpforms-field-medium\" name=\"wpforms[fields][5]\" >\n\t\t<\/div>\n\t\t<div id=\"wpforms-362-field_8-container\" class=\"wpforms-field wpforms-field-text\" data-field-id=\"8\"><label class=\"wpforms-field-label\" for=\"wpforms-362-field_8\">Subject <span class=\"wpforms-required-label\" aria-hidden=\"true\">*<\/span><\/label><input type=\"text\" id=\"wpforms-362-field_8\" class=\"wpforms-field-medium wpforms-field-required\" name=\"wpforms[fields][8]\" aria-errormessage=\"wpforms-362-field_8-error\" aria-describedby=\"wpforms-362-field_8-description\" required><div id=\"wpforms-362-field_8-description\" class=\"wpforms-field-description\">Short text answer<\/div><\/div><div id=\"wpforms-362-field_9-container\" class=\"wpforms-field wpforms-field-textarea\" data-field-id=\"9\"><label class=\"wpforms-field-label\" for=\"wpforms-362-field_9\">Message <span class=\"wpforms-required-label\" aria-hidden=\"true\">*<\/span><\/label><textarea id=\"wpforms-362-field_9\" class=\"wpforms-field-large wpforms-field-required\" name=\"wpforms[fields][9]\" aria-errormessage=\"wpforms-362-field_9-error\" aria-describedby=\"wpforms-362-field_9-description\" required><\/textarea><div id=\"wpforms-362-field_9-description\" class=\"wpforms-field-description\">Write your inquiry<\/div><\/div><script>\n\t\t\t\t( function() {\n\t\t\t\t\tconst style = document.createElement( 'style' );\n\t\t\t\t\tstyle.appendChild( document.createTextNode( '#wpforms-362-field_5-container { position: absolute !important; overflow: hidden !important; display: inline !important; height: 1px !important; width: 1px !important; z-index: -1000 !important; padding: 0 !important; } #wpforms-362-field_5-container input { visibility: hidden; } #wpforms-conversational-form-page #wpforms-362-field_5-container label { counter-increment: none; }' ) );\n\t\t\t\t\tdocument.head.appendChild( style );\n\t\t\t\t\tdocument.currentScript?.remove();\n\t\t\t\t} )();\n\t\t\t<\/script><\/div><!-- .wpforms-field-container --><div class=\"wpforms-submit-container\" ><input type=\"hidden\" name=\"wpforms[id]\" value=\"362\"><input type=\"hidden\" name=\"page_title\" value=\"\"><input type=\"hidden\" name=\"page_url\" value=\"https:\/\/serendipityconsultingsac.com\/en\/wp-json\/wp\/v2\/pages\/64\"><input type=\"hidden\" name=\"url_referer\" value=\"\"><button type=\"submit\" name=\"wpforms[submit]\" id=\"wpforms-submit-362\" class=\"wpforms-submit\" data-alt-text=\"Enviando...\" data-submit-text=\"Enviar\" aria-live=\"assertive\" value=\"wpforms-submit\">Send<\/button><img loading=\"lazy\" decoding=\"async\" src=\"https:\/\/serendipityconsultingsac.com\/wp-content\/plugins\/wpforms-lite\/assets\/images\/submit-spin.svg\" class=\"wpforms-submit-spinner\" style=\"display: none;\" width=\"26\" height=\"26\" alt=\"Loading\"><\/div><input type=\"hidden\" name=\"trp-form-language\" value=\"en\"\/><\/form><\/div>  <!-- .wpforms-container -->\n\n\n<div style=\"background-image:url(&#039;https:\/\/serendipityconsultingsac.com\/wp-content\/uploads\/2025\/10\/5C.png&#039;);background-size:cover;\" class=\"wp-block-group alignwide has-global-padding is-layout-constrained wp-block-group-is-layout-constrained has-background\">\n<div class=\"wp-block-media-text alignwide is-stacked-on-mobile\" style=\"margin-top:5%;margin-bottom:5%;grid-template-columns:28% auto\"><figure class=\"wp-block-media-text__media\"><img loading=\"lazy\" decoding=\"async\" width=\"375\" height=\"252\" src=\"https:\/\/serendipityconsultingsac.com\/wp-content\/uploads\/2025\/09\/correo.avif\" alt=\"\" class=\"wp-image-84 size-full\" srcset=\"https:\/\/serendipityconsultingsac.com\/wp-content\/uploads\/2025\/09\/correo.avif 375w, https:\/\/serendipityconsultingsac.com\/wp-content\/uploads\/2025\/09\/correo-300x202.avif 300w\" sizes=\"auto, (max-width: 375px) 100vw, 375px\" \/><\/figure><div class=\"wp-block-media-text__content\">\n<h2 class=\"wp-block-heading has-text-align-center is-style-default\" style=\"font-size:clamp(1.743em, 1.743rem + ((1vw - 0.2em) * 2.095), 3em);\"><strong>Emails:<\/strong><\/h2>\n\n\n\n<ul style=\"margin-right:0%;margin-left:0%\" class=\"wp-block-list\">\n<li class=\"has-custom-003071-color has-text-color has-link-color wp-elements-bcb45a665e0642cecb7da19645d03079\" style=\"font-size:clamp(0.984em, 0.984rem + ((1vw - 0.2em) * 0.86), 1.5em);\"><strong>Comercial@serendipityconsultingsac.com<\/strong><\/li>\n\n\n\n<li class=\"has-custom-003071-color has-text-color has-link-color wp-elements-2a293b29da879ead3d08e7468a757d84\" style=\"font-size:clamp(0.984em, 0.984rem + ((1vw - 0.2em) * 0.86), 1.5em);\"><strong>Yris@serendipityconsultingsac.com<\/strong><\/li>\n\n\n\n<li class=\"has-custom-003071-color has-text-color has-link-color wp-elements-83d3cacbcfa5e2a625c2d749b833331f\" style=\"font-size:clamp(0.984em, 0.984rem + ((1vw - 0.2em) * 0.86), 1.5em);\"><strong>Oswaldo@serendipityconsultingsac.com<\/strong><\/li>\n<\/ul>\n<\/div><\/div>\n<\/div>\n\n\n\n<div style=\"background-image:url(&#039;https:\/\/serendipityconsultingsac.com\/wp-content\/uploads\/2025\/10\/5D.png&#039;);background-size:cover;\" class=\"wp-block-group alignwide has-global-padding is-layout-constrained wp-block-group-is-layout-constrained has-background\">\n<div class=\"wp-block-media-text alignwide has-media-on-the-right is-stacked-on-mobile is-vertically-aligned-center\" style=\"grid-template-columns:auto 27%\"><div class=\"wp-block-media-text__content\">\n<h2 class=\"wp-block-heading has-text-align-center has-custom-color-1-color has-text-color has-link-color wp-elements-2f5352cb98c5468fb7668e5e879a6f6b\" style=\"font-size:clamp(1.743em, 1.743rem + ((1vw - 0.2em) * 2.095), 3em);\"><strong><em>Phone numbers:<\/em><\/strong><\/h2>\n\n\n\n<ul class=\"wp-block-list\">\n<li class=\"has-text-color has-link-color wp-elements-d2c6d2f60cf8a0cb5a9914b74366671c\" style=\"color:#4a4a4a;font-size:clamp(1.039em, 1.039rem + ((1vw - 0.2em) * 0.935), 1.6em);\"><strong>+51 920 099 900<\/strong><\/li>\n\n\n\n<li class=\"has-text-color has-link-color wp-elements-e2cc0c89ff81a396451bf2c395d9c72c\" style=\"color:#4a4a4a;font-size:clamp(1.039em, 1.039rem + ((1vw - 0.2em) * 0.935), 1.6em);\"><strong>+51 997 407 000<\/strong><\/li>\n<\/ul>\n<\/div><figure class=\"wp-block-media-text__media\"><img loading=\"lazy\" decoding=\"async\" width=\"512\" height=\"512\" src=\"https:\/\/serendipityconsultingsac.com\/wp-content\/uploads\/2025\/10\/celular.png\" alt=\"\" class=\"wp-image-559 size-full\" srcset=\"https:\/\/serendipityconsultingsac.com\/wp-content\/uploads\/2025\/10\/celular.png 512w, https:\/\/serendipityconsultingsac.com\/wp-content\/uploads\/2025\/10\/celular-300x300.png 300w, https:\/\/serendipityconsultingsac.com\/wp-content\/uploads\/2025\/10\/celular-150x150.png 150w, https:\/\/serendipityconsultingsac.com\/wp-content\/uploads\/2025\/10\/celular-12x12.png 12w\" sizes=\"auto, (max-width: 512px) 100vw, 512px\" \/><\/figure><\/div>\n<\/div>\n\n\n\n<div style=\"background-image:url(&#039;https:\/\/serendipityconsultingsac.com\/wp-content\/uploads\/2025\/10\/5A.png&#039;);background-size:cover;\" class=\"wp-block-group alignwide has-global-padding is-layout-constrained wp-block-group-is-layout-constrained has-background\">\n<div class=\"wp-block-media-text alignwide is-stacked-on-mobile\" style=\"margin-top:5%;margin-bottom:5%;grid-template-columns:30% auto\"><figure class=\"wp-block-media-text__media\"><img loading=\"lazy\" decoding=\"async\" width=\"375\" height=\"371\" src=\"https:\/\/serendipityconsultingsac.com\/wp-content\/uploads\/2025\/09\/ubicacion.avif\" alt=\"\" class=\"wp-image-391 size-full\" srcset=\"https:\/\/serendipityconsultingsac.com\/wp-content\/uploads\/2025\/09\/ubicacion.avif 375w, https:\/\/serendipityconsultingsac.com\/wp-content\/uploads\/2025\/09\/ubicacion-300x297.avif 300w\" sizes=\"auto, (max-width: 375px) 100vw, 375px\" \/><\/figure><div class=\"wp-block-media-text__content\">\n<h2 class=\"wp-block-heading has-text-align-center has-custom-003071-color has-text-color has-link-color wp-elements-2f97cf48b9c21d31aefa9da92b543684\" style=\"font-size:clamp(1.743em, 1.743rem + ((1vw - 0.2em) * 2.095), 3em);\"><strong><em>Location:<\/em><\/strong><\/h2>\n\n\n\n<p class=\"has-text-color has-link-color wp-elements-12bfd41063c23464487e185054bfdda2\" style=\"color:#4a4a4a;font-size:clamp(1.039em, 1.039rem + ((1vw - 0.2em) * 0.935), 1.6em);\"><strong>Jr. Teniente Pedro Garezon 1661 (Parque G\u00e1rezon Condominium), Lima<\/strong><\/p>\n<\/div><\/div>\n<\/div>\n\n\n\n<div style=\"width: 100vw; display: flex; justify-content: center; margin: 20px 0;\">\n  <iframe \n    src=\"https:\/\/www.google.com\/maps\/embed?pb=!1m18!1m12!1m3!1d2320.160102280178!2d-77.06447577482429!3d-12.04155024714761!2m3!1f0!2f0!3f0!3m2!1i1024!2i768!4f13.1!3m3!1m2!1s0x9105ced3406ecb9d%3A0xa656e854a1ba0eaf!2sJr.%20Pedro%20G%C3%A1rezon%201661%2C%20Lima%2015079!5e0!3m2!1ses-419!2spe!4v1759297909205!5m2!1ses-419!2spe\" \n    width=\"100%\" \n    height=\"500\" \n    style=\"border:0; max-width: 1600px;\" \n    allowfullscreen=\"\" \n    loading=\"lazy\" \n    referrerpolicy=\"no-referrer-when-downgrade\">\n  <\/iframe>\n<\/div>","protected":false},"excerpt":{"rendered":"<p>En Serendipity Consulting SAC, cada proyecto comienza con una conversaci\u00f3n. Cu\u00e9ntanos tus desaf\u00edos y juntos crearemos estrategias que generen impacto tangible en tu organizaci\u00f3n. Estamos aqu\u00ed para escucharte, asesorarte y acompa\u00f1arte en el camino hacia la excelencia. Correos: Tel\u00e9fonos: Ubicaci\u00f3n: Jr. Teniente Pedro G\u00e1rezon No. 1661 (Condominio Parque G\u00e1rezon), Lima, Lima, Per\u00fa<\/p>","protected":false},"author":1,"featured_media":0,"parent":0,"menu_order":0,"comment_status":"closed","ping_status":"closed","template":"","meta":{"footnotes":""},"class_list":["post-64","page","type-page","status-publish","hentry"],"_hostinger_reach_plugin_has_subscription_block":false,"_hostinger_reach_plugin_is_elementor":false,"_links":{"self":[{"href":"https:\/\/serendipityconsultingsac.com\/en\/wp-json\/wp\/v2\/pages\/64","targetHints":{"allow":["GET"]}}],"collection":[{"href":"https:\/\/serendipityconsultingsac.com\/en\/wp-json\/wp\/v2\/pages"}],"about":[{"href":"https:\/\/serendipityconsultingsac.com\/en\/wp-json\/wp\/v2\/types\/page"}],"author":[{"embeddable":true,"href":"https:\/\/serendipityconsultingsac.com\/en\/wp-json\/wp\/v2\/users\/1"}],"replies":[{"embeddable":true,"href":"https:\/\/serendipityconsultingsac.com\/en\/wp-json\/wp\/v2\/comments?post=64"}],"version-history":[{"count":73,"href":"https:\/\/serendipityconsultingsac.com\/en\/wp-json\/wp\/v2\/pages\/64\/revisions"}],"predecessor-version":[{"id":766,"href":"https:\/\/serendipityconsultingsac.com\/en\/wp-json\/wp\/v2\/pages\/64\/revisions\/766"}],"wp:attachment":[{"href":"https:\/\/serendipityconsultingsac.com\/en\/wp-json\/wp\/v2\/media?parent=64"}],"curies":[{"name":"wp","href":"https:\/\/api.w.org\/{rel}","templated":true}]}}