{"id":33,"date":"2025-09-25T08:48:11","date_gmt":"2025-09-25T06:48:11","guid":{"rendered":"https:\/\/serendipityconsultingsac.com\/?page_id=33"},"modified":"2025-10-03T17:25:22","modified_gmt":"2025-10-03T15:25:22","slug":"sectores","status":"publish","type":"page","link":"https:\/\/serendipityconsultingsac.com\/en\/sectores\/","title":{"rendered":"Industries We Serve"},"content":{"rendered":"<p style=\"margin-bottom:5%;font-size:clamp(1.039em, 1.039rem + ((1vw - 0.2em) * 0.935), 1.6em);\">At Serendipity Consulting S.A.C., we develop consulting and training projects across various productive and service sectors. We adapt our methodologies to each industry, ensuring practical, sustainable, and results-oriented solutions.<\/p>\n\n\n\n<div class=\"wp-block-group alignwide has-global-padding is-layout-constrained wp-block-group-is-layout-constrained\">\n<div style=\"background-image:url(&#039;https:\/\/serendipityconsultingsac.com\/wp-content\/uploads\/2025\/10\/3B.png&#039;);background-size:cover;\" class=\"wp-block-group alignwide has-global-padding is-layout-constrained wp-block-group-is-layout-constrained has-background\">\n<div class=\"wp-block-media-text alignwide is-stacked-on-mobile\" style=\"margin-top:5%;margin-bottom:5%\"><figure class=\"wp-block-media-text__media\"><img loading=\"lazy\" decoding=\"async\" width=\"1024\" height=\"1024\" src=\"https:\/\/serendipityconsultingsac.com\/wp-content\/uploads\/2025\/09\/Gemini_Generated_Image_mw92xvmw92xvmw92.png\" alt=\"\" class=\"wp-image-510 size-full\" srcset=\"https:\/\/serendipityconsultingsac.com\/wp-content\/uploads\/2025\/09\/Gemini_Generated_Image_mw92xvmw92xvmw92.png 1024w, https:\/\/serendipityconsultingsac.com\/wp-content\/uploads\/2025\/09\/Gemini_Generated_Image_mw92xvmw92xvmw92-300x300.png 300w, https:\/\/serendipityconsultingsac.com\/wp-content\/uploads\/2025\/09\/Gemini_Generated_Image_mw92xvmw92xvmw92-150x150.png 150w, https:\/\/serendipityconsultingsac.com\/wp-content\/uploads\/2025\/09\/Gemini_Generated_Image_mw92xvmw92xvmw92-768x768.png 768w\" sizes=\"auto, (max-width: 1024px) 100vw, 1024px\" \/><\/figure><div class=\"wp-block-media-text__content\">\n<h2 class=\"wp-block-heading has-text-align-center has-custom-003071-color has-text-color has-link-color wp-elements-a3db4029e2b46db380f6e3a6556c270b\" style=\"font-size:clamp(1.743em, 1.743rem + ((1vw - 0.2em) * 2.095), 3em);\"><strong><em>\ud83e\uddf5\ud83d\udc55 Textiles and Apparel<\/em><\/strong><\/h2>\n\n\n\n<p class=\"has-text-color has-link-color wp-elements-0083706560a2be96558ae3cc9f110b81 translation-block\" style=\"color:#4a4a4a;font-size:clamp(1.039rem, 1.039rem + ((1vw - 0.2rem) * 0.935), 1.6rem);\">We drive modernization, standardization, and international certification in textile companies, strengthening productivity, quality, and sustainability across the value chain.<\/p>\n<\/div><\/div>\n<\/div>\n<\/div>\n\n\n\n<div style=\"background-image:url(&#039;https:\/\/serendipityconsultingsac.com\/wp-content\/uploads\/2025\/10\/3C.png&#039;);background-size:cover;\" class=\"wp-block-group alignwide has-global-padding is-layout-constrained wp-block-group-is-layout-constrained has-background\">\n<div class=\"wp-block-media-text alignwide has-media-on-the-right is-stacked-on-mobile\" style=\"margin-top:5%;margin-bottom:5%\"><div class=\"wp-block-media-text__content\">\n<h2 class=\"wp-block-heading has-text-align-center\" style=\"font-size:clamp(1.743em, 1.743rem + ((1vw - 0.2em) * 2.095), 3em);\"><strong><em>\ud83c\udf31\ud83c\udf4a Agro-industry and Food<\/em><\/strong><\/h2>\n\n\n\n<p class=\"has-custom-003071-color has-text-color has-link-color wp-elements-87389b7b389af83789821e9c0bf42250 translation-block\" style=\"font-size:clamp(1.039em, 1.039rem + ((1vw - 0.2em) * 0.935), 1.6em);\">We support organizations in implementing food safety, process security, and social responsibility, ensuring competitiveness in local and international markets.<\/p>\n<\/div><figure class=\"wp-block-media-text__media\"><img loading=\"lazy\" decoding=\"async\" width=\"1024\" height=\"1024\" src=\"https:\/\/serendipityconsultingsac.com\/wp-content\/uploads\/2025\/09\/Gemini_Generated_Image_ge3a97ge3a97ge3a.png\" alt=\"\" class=\"wp-image-512 size-full\" srcset=\"https:\/\/serendipityconsultingsac.com\/wp-content\/uploads\/2025\/09\/Gemini_Generated_Image_ge3a97ge3a97ge3a.png 1024w, https:\/\/serendipityconsultingsac.com\/wp-content\/uploads\/2025\/09\/Gemini_Generated_Image_ge3a97ge3a97ge3a-300x300.png 300w, https:\/\/serendipityconsultingsac.com\/wp-content\/uploads\/2025\/09\/Gemini_Generated_Image_ge3a97ge3a97ge3a-150x150.png 150w, https:\/\/serendipityconsultingsac.com\/wp-content\/uploads\/2025\/09\/Gemini_Generated_Image_ge3a97ge3a97ge3a-768x768.png 768w\" sizes=\"auto, (max-width: 1024px) 100vw, 1024px\" \/><\/figure><\/div>\n<\/div>\n\n\n\n<div style=\"background-image:url(&#039;https:\/\/serendipityconsultingsac.com\/wp-content\/uploads\/2025\/10\/3D.png&#039;);background-size:cover;\" class=\"wp-block-group alignwide has-global-padding is-layout-constrained wp-block-group-is-layout-constrained has-background\">\n<div class=\"wp-block-media-text alignwide is-stacked-on-mobile\" style=\"margin-top:5%;margin-bottom:5%\"><figure class=\"wp-block-media-text__media\"><img loading=\"lazy\" decoding=\"async\" width=\"1024\" height=\"1024\" src=\"https:\/\/serendipityconsultingsac.com\/wp-content\/uploads\/2025\/09\/Gemini_Generated_Image_krh8yakrh8yakrh8.png\" alt=\"\" class=\"wp-image-516 size-full\" srcset=\"https:\/\/serendipityconsultingsac.com\/wp-content\/uploads\/2025\/09\/Gemini_Generated_Image_krh8yakrh8yakrh8.png 1024w, https:\/\/serendipityconsultingsac.com\/wp-content\/uploads\/2025\/09\/Gemini_Generated_Image_krh8yakrh8yakrh8-300x300.png 300w, https:\/\/serendipityconsultingsac.com\/wp-content\/uploads\/2025\/09\/Gemini_Generated_Image_krh8yakrh8yakrh8-150x150.png 150w, https:\/\/serendipityconsultingsac.com\/wp-content\/uploads\/2025\/09\/Gemini_Generated_Image_krh8yakrh8yakrh8-768x768.png 768w\" sizes=\"auto, (max-width: 1024px) 100vw, 1024px\" \/><\/figure><div class=\"wp-block-media-text__content\">\n<h2 class=\"wp-block-heading has-text-align-center has-custom-color-1-color has-text-color has-link-color wp-elements-f18ececee3aa347ad9e46c3d42db2470\" style=\"font-size:clamp(1.743em, 1.743rem + ((1vw - 0.2em) * 2.095), 3em);\"><strong><em>\u2699\ufe0f\ud83c\udfed Manufacturing Industry<\/em><\/strong><\/h2>\n\n\n\n<p class=\"has-text-color has-link-color wp-elements-0ebb19606596beeb87406a21b69fe14a translation-block\" style=\"color:#4a4a4a;font-size:clamp(1.039em, 1.039rem + ((1vw - 0.2em) * 0.935), 1.6em);\">We design continuous improvement strategies, Lean Management, and operational efficiency, reducing waste and increasing industrial profitability.<\/p>\n<\/div><\/div>\n<\/div>\n\n\n\n<div class=\"wp-block-group alignwide has-global-padding is-layout-constrained wp-block-group-is-layout-constrained\" style=\"margin-top:5%;margin-bottom:5%\">\n<div style=\"background-image:url(&#039;https:\/\/serendipityconsultingsac.com\/wp-content\/uploads\/2025\/10\/3A.png&#039;);background-size:cover;\" class=\"wp-block-group alignwide has-global-padding is-layout-constrained wp-block-group-is-layout-constrained has-background\">\n<div class=\"wp-block-media-text alignwide has-media-on-the-right is-stacked-on-mobile\"><div class=\"wp-block-media-text__content\">\n<h2 class=\"wp-block-heading has-text-align-center has-custom-color-3-color has-text-color has-link-color wp-elements-1d733eb14f98b1fb56f2ce42e048550f\" style=\"font-size:clamp(1.743em, 1.743rem + ((1vw - 0.2em) * 2.095), 3em);\"><strong><em>\ud83c\udf93\ud83d\udcda Education<\/em><\/strong><\/h2>\n\n\n\n<p class=\"has-text-color has-link-color wp-elements-a0578524a5017cfb4e2fc9311a711b95 translation-block\" style=\"color:#2d3748;font-size:clamp(1.039em, 1.039rem + ((1vw - 0.2em) * 0.935), 1.6em);\">We strengthen educational institutions through strategic management consulting, human talent development, and ongoing training, consolidating their quality and reputation.<\/p>\n<\/div><figure class=\"wp-block-media-text__media\"><img loading=\"lazy\" decoding=\"async\" width=\"1024\" height=\"1024\" src=\"https:\/\/serendipityconsultingsac.com\/wp-content\/uploads\/2025\/09\/Gemini_Generated_Image_63p27o63p27o63p2.png\" alt=\"\" class=\"wp-image-520 size-full\" srcset=\"https:\/\/serendipityconsultingsac.com\/wp-content\/uploads\/2025\/09\/Gemini_Generated_Image_63p27o63p27o63p2.png 1024w, https:\/\/serendipityconsultingsac.com\/wp-content\/uploads\/2025\/09\/Gemini_Generated_Image_63p27o63p27o63p2-300x300.png 300w, https:\/\/serendipityconsultingsac.com\/wp-content\/uploads\/2025\/09\/Gemini_Generated_Image_63p27o63p27o63p2-150x150.png 150w, https:\/\/serendipityconsultingsac.com\/wp-content\/uploads\/2025\/09\/Gemini_Generated_Image_63p27o63p27o63p2-768x768.png 768w\" sizes=\"auto, (max-width: 1024px) 100vw, 1024px\" \/><\/figure><\/div>\n<\/div>\n<\/div>\n\n\n\n<div style=\"background-image:url(&#039;https:\/\/serendipityconsultingsac.com\/wp-content\/uploads\/2025\/10\/3B.png&#039;);background-size:cover;\" class=\"wp-block-group alignwide has-global-padding is-layout-constrained wp-block-group-is-layout-constrained has-background\">\n<div class=\"wp-block-media-text alignwide is-stacked-on-mobile\" style=\"margin-top:5%;margin-bottom:5%\"><figure class=\"wp-block-media-text__media\"><img loading=\"lazy\" decoding=\"async\" width=\"1024\" height=\"1024\" src=\"https:\/\/serendipityconsultingsac.com\/wp-content\/uploads\/2025\/09\/Gemini_Generated_Image_ur87fdur87fdur87.png\" alt=\"\" class=\"wp-image-525 size-full\" srcset=\"https:\/\/serendipityconsultingsac.com\/wp-content\/uploads\/2025\/09\/Gemini_Generated_Image_ur87fdur87fdur87.png 1024w, https:\/\/serendipityconsultingsac.com\/wp-content\/uploads\/2025\/09\/Gemini_Generated_Image_ur87fdur87fdur87-300x300.png 300w, https:\/\/serendipityconsultingsac.com\/wp-content\/uploads\/2025\/09\/Gemini_Generated_Image_ur87fdur87fdur87-150x150.png 150w, https:\/\/serendipityconsultingsac.com\/wp-content\/uploads\/2025\/09\/Gemini_Generated_Image_ur87fdur87fdur87-768x768.png 768w\" sizes=\"auto, (max-width: 1024px) 100vw, 1024px\" \/><\/figure><div class=\"wp-block-media-text__content\">\n<h2 class=\"wp-block-heading has-text-align-center has-custom-003071-color has-text-color has-link-color wp-elements-36cfda3d4ecc318cf857b1472256b154\" style=\"font-size:clamp(1.743em, 1.743rem + ((1vw - 0.2em) * 2.095), 3em);\"><em><strong>\ud83d\udcbc\ud83d\udcca Corporate Services<\/strong><\/em><\/h2>\n\n\n\n<p class=\"has-text-color has-link-color wp-elements-81c1056dc6dcb41033587b1a16f2b410 translation-block\" style=\"color:#4a4a4a;font-size:clamp(1.039em, 1.039rem + ((1vw - 0.2em) * 0.935), 1.6em);\">We provide management systems, process optimization, and human development programs tailored to the dynamics of service companies and administrative offices.<\/p>\n<\/div><\/div>\n<\/div>\n\n\n\n<div style=\"background-image:url(&#039;https:\/\/serendipityconsultingsac.com\/wp-content\/uploads\/2025\/10\/3C.png&#039;);background-size:cover;\" class=\"wp-block-group alignwide has-global-padding is-layout-constrained wp-block-group-is-layout-constrained has-background\">\n<div class=\"wp-block-media-text alignwide has-media-on-the-right is-stacked-on-mobile is-vertically-aligned-center\" style=\"margin-top:5%;margin-bottom:5%\"><div class=\"wp-block-media-text__content\">\n<h2 class=\"wp-block-heading has-text-align-center has-custom-color-3-color has-text-color has-link-color wp-elements-7d586646c2f32223e1548cdfbd0b655a\" style=\"font-size:clamp(1.743em, 1.743rem + ((1vw - 0.2em) * 2.095), 3em);\"><em><strong>\ud83d\udecd\ufe0f\ud83c\udfe2 Retail and Commerce<\/strong><\/em><\/h2>\n\n\n\n<p class=\"has-custom-003071-color has-text-color has-link-color wp-elements-ac652167a2b8a5aa6851cafb509d06b2 translation-block\" style=\"font-size:clamp(1.039em, 1.039rem + ((1vw - 0.2em) * 0.935), 1.6em);\">We support the retail sector in organizational management, customer service, social responsibility, and process improvement, ensuring consistent and efficient experiences.<\/p>\n<\/div><figure class=\"wp-block-media-text__media\"><img loading=\"lazy\" decoding=\"async\" width=\"1024\" height=\"1024\" src=\"https:\/\/serendipityconsultingsac.com\/wp-content\/uploads\/2025\/09\/Gemini_Generated_Image_3o664p3o664p3o66-1.png\" alt=\"\" class=\"wp-image-529 size-full\" srcset=\"https:\/\/serendipityconsultingsac.com\/wp-content\/uploads\/2025\/09\/Gemini_Generated_Image_3o664p3o664p3o66-1.png 1024w, https:\/\/serendipityconsultingsac.com\/wp-content\/uploads\/2025\/09\/Gemini_Generated_Image_3o664p3o664p3o66-1-300x300.png 300w, https:\/\/serendipityconsultingsac.com\/wp-content\/uploads\/2025\/09\/Gemini_Generated_Image_3o664p3o664p3o66-1-150x150.png 150w, https:\/\/serendipityconsultingsac.com\/wp-content\/uploads\/2025\/09\/Gemini_Generated_Image_3o664p3o664p3o66-1-768x768.png 768w\" sizes=\"auto, (max-width: 1024px) 100vw, 1024px\" \/><\/figure><\/div>\n<\/div>\n\n\n\n<div style=\"background-image:url(&#039;https:\/\/serendipityconsultingsac.com\/wp-content\/uploads\/2025\/10\/3D.png&#039;);background-size:cover;\" class=\"wp-block-group alignwide has-global-padding is-layout-constrained wp-block-group-is-layout-constrained has-background\">\n<div class=\"wp-block-media-text alignwide is-stacked-on-mobile is-vertically-aligned-center\" style=\"margin-top:5%;margin-bottom:5%\"><figure class=\"wp-block-media-text__media\"><img loading=\"lazy\" decoding=\"async\" width=\"1024\" height=\"1024\" src=\"https:\/\/serendipityconsultingsac.com\/wp-content\/uploads\/2025\/09\/Gemini_Generated_Image_iz1yjjiz1yjjiz1y.png\" alt=\"\" class=\"wp-image-533 size-full\" srcset=\"https:\/\/serendipityconsultingsac.com\/wp-content\/uploads\/2025\/09\/Gemini_Generated_Image_iz1yjjiz1yjjiz1y.png 1024w, https:\/\/serendipityconsultingsac.com\/wp-content\/uploads\/2025\/09\/Gemini_Generated_Image_iz1yjjiz1yjjiz1y-300x300.png 300w, https:\/\/serendipityconsultingsac.com\/wp-content\/uploads\/2025\/09\/Gemini_Generated_Image_iz1yjjiz1yjjiz1y-150x150.png 150w, https:\/\/serendipityconsultingsac.com\/wp-content\/uploads\/2025\/09\/Gemini_Generated_Image_iz1yjjiz1yjjiz1y-768x768.png 768w\" sizes=\"auto, (max-width: 1024px) 100vw, 1024px\" \/><\/figure><div class=\"wp-block-media-text__content\">\n<h2 class=\"wp-block-heading has-text-align-center has-custom-color-1-color has-text-color has-link-color wp-elements-462374d636444f038be09fc809222313\" style=\"font-size:clamp(1.743em, 1.743rem + ((1vw - 0.2em) * 2.095), 3em);\"><em><strong>\ud83c\udfe5\ud83e\uddba Health and Occupational Safety<\/strong><\/em><\/h2>\n\n\n\n<p class=\"has-text-color has-link-color wp-elements-9a520b223dad936659b5aa343a60b377 translation-block\" style=\"color:#4a4a4a;font-size:clamp(1.039em, 1.039rem + ((1vw - 0.2em) * 0.935), 1.6em);\">We implement Occupational Safety and Health Management Systems (OHS), specialized training, and prevention strategies, ensuring safe work environments that are aligned with regulations.<\/p>\n<\/div><\/div>\n<\/div>\n\n\n\n<div style=\"background-image:url(&#039;https:\/\/serendipityconsultingsac.com\/wp-content\/uploads\/2025\/10\/3A.png&#039;);background-size:cover;\" class=\"wp-block-group alignwide has-global-padding is-layout-constrained wp-block-group-is-layout-constrained has-background\">\n<div class=\"wp-block-media-text alignwide has-media-on-the-right is-stacked-on-mobile is-vertically-aligned-center\" style=\"margin-top:5%;margin-bottom:5%\"><div class=\"wp-block-media-text__content\">\n<h2 class=\"wp-block-heading has-text-align-center\" style=\"font-size:clamp(1.743em, 1.743rem + ((1vw - 0.2em) * 2.095), 3em);\"><strong><em>\u26cf\ufe0f\u26a1 Mining and Energy<\/em><\/strong><\/h2>\n\n\n\n<p class=\"has-text-color has-link-color wp-elements-87fb8431d09bd1d1c141b70408c55d1f\" style=\"color:#2d3748;font-size:clamp(1.039em, 1.039rem + ((1vw - 0.2em) * 0.935), 1.6em);\"><strong>We drive sustainability and competitiveness for mining and energy companies through the implementation of international standards, operational safety, environmental management, and social responsibility programs, optimizing processes and strengthening the social license to operate.<\/strong><\/p>\n<\/div><figure class=\"wp-block-media-text__media\"><img loading=\"lazy\" decoding=\"async\" width=\"1024\" height=\"1024\" src=\"https:\/\/serendipityconsultingsac.com\/wp-content\/uploads\/2025\/10\/Gemini_Generated_Image_sfwt0lsfwt0lsfwt.png\" alt=\"\" class=\"wp-image-576 size-full\" srcset=\"https:\/\/serendipityconsultingsac.com\/wp-content\/uploads\/2025\/10\/Gemini_Generated_Image_sfwt0lsfwt0lsfwt.png 1024w, https:\/\/serendipityconsultingsac.com\/wp-content\/uploads\/2025\/10\/Gemini_Generated_Image_sfwt0lsfwt0lsfwt-300x300.png 300w, https:\/\/serendipityconsultingsac.com\/wp-content\/uploads\/2025\/10\/Gemini_Generated_Image_sfwt0lsfwt0lsfwt-150x150.png 150w, https:\/\/serendipityconsultingsac.com\/wp-content\/uploads\/2025\/10\/Gemini_Generated_Image_sfwt0lsfwt0lsfwt-768x768.png 768w, https:\/\/serendipityconsultingsac.com\/wp-content\/uploads\/2025\/10\/Gemini_Generated_Image_sfwt0lsfwt0lsfwt-12x12.png 12w\" sizes=\"auto, (max-width: 1024px) 100vw, 1024px\" \/><\/figure><\/div>\n<\/div>\n\n\n\n<div style=\"background-image:url(&#039;https:\/\/serendipityconsultingsac.com\/wp-content\/uploads\/2025\/10\/3B.png&#039;);background-size:cover;\" class=\"wp-block-group alignwide has-global-padding is-layout-constrained wp-block-group-is-layout-constrained has-background\">\n<div class=\"wp-block-media-text alignwide is-stacked-on-mobile is-vertically-aligned-center\" style=\"margin-top:5%;margin-bottom:5%\"><figure class=\"wp-block-media-text__media\"><img loading=\"lazy\" decoding=\"async\" width=\"1024\" height=\"1024\" src=\"https:\/\/serendipityconsultingsac.com\/wp-content\/uploads\/2025\/10\/Gemini_Generated_Image_7yf9l77yf9l77yf9.png\" alt=\"\" class=\"wp-image-580 size-full\" srcset=\"https:\/\/serendipityconsultingsac.com\/wp-content\/uploads\/2025\/10\/Gemini_Generated_Image_7yf9l77yf9l77yf9.png 1024w, https:\/\/serendipityconsultingsac.com\/wp-content\/uploads\/2025\/10\/Gemini_Generated_Image_7yf9l77yf9l77yf9-300x300.png 300w, https:\/\/serendipityconsultingsac.com\/wp-content\/uploads\/2025\/10\/Gemini_Generated_Image_7yf9l77yf9l77yf9-150x150.png 150w, https:\/\/serendipityconsultingsac.com\/wp-content\/uploads\/2025\/10\/Gemini_Generated_Image_7yf9l77yf9l77yf9-768x768.png 768w, https:\/\/serendipityconsultingsac.com\/wp-content\/uploads\/2025\/10\/Gemini_Generated_Image_7yf9l77yf9l77yf9-12x12.png 12w\" sizes=\"auto, (max-width: 1024px) 100vw, 1024px\" \/><\/figure><div class=\"wp-block-media-text__content\">\n<h2 class=\"wp-block-heading has-text-align-center has-custom-003071-color has-text-color has-link-color wp-elements-c3767ad740f4a57efc392efde0a3e816\" style=\"font-size:clamp(1.743em, 1.743rem + ((1vw - 0.2em) * 2.095), 3em);\"><em><strong>\ud83c\udfd7\ufe0f\ud83d\udea7 Construction and Infrastructure<\/strong><\/em><\/h2>\n\n\n\n<p class=\"has-text-color has-link-color wp-elements-05a330c76b51be4489d5ccc5d7a056be\" style=\"color:#4a4a4a;font-size:clamp(1.039em, 1.039rem + ((1vw - 0.2em) * 0.935), 1.6em);\"><strong>We guide construction sector organizations in applying quality management systems, on-site safety, and sustainability, promoting efficient, responsible projects aligned with national and international regulations.<\/strong><\/p>\n<\/div><\/div>\n<\/div>\n\n\n\n<div style=\"background-image:url(&#039;https:\/\/serendipityconsultingsac.com\/wp-content\/uploads\/2025\/10\/3C.png&#039;);background-size:cover;\" class=\"wp-block-group alignwide has-global-padding is-layout-constrained wp-block-group-is-layout-constrained has-background\">\n<div class=\"wp-block-media-text alignwide has-media-on-the-right is-stacked-on-mobile is-vertically-aligned-center\" style=\"margin-top:5%;margin-bottom:5%\"><div class=\"wp-block-media-text__content\">\n<h2 class=\"wp-block-heading has-text-align-center has-custom-color-3-color has-text-color has-link-color wp-elements-954d92909c2621c73361990b4ca97f2d\" style=\"font-size:clamp(1.743em, 1.743rem + ((1vw - 0.2em) * 2.095), 3em);\"><em><strong>\ud83d\ude9a\ud83d\udce6 Transportation and Logistics<\/strong><\/em><\/h2>\n\n\n\n<p class=\"has-custom-003071-color has-text-color has-link-color wp-elements-d8c195bf0f38d63bd1e7d6ce1bd6deaa\" style=\"font-size:clamp(1.039em, 1.039rem + ((1vw - 0.2em) * 0.935), 1.6em);\"><strong>We strengthen the supply chain through operational efficiency, safety, and traceability consulting, applying continuous improvement methodologies that ensure a reliable, competitive, and sustainable logistical flow in global markets.<\/strong><\/p>\n<\/div><figure class=\"wp-block-media-text__media\"><img loading=\"lazy\" decoding=\"async\" width=\"1024\" height=\"1024\" src=\"https:\/\/serendipityconsultingsac.com\/wp-content\/uploads\/2025\/10\/Gemini_Generated_Image_14p05014p05014p0.png\" alt=\"\" class=\"wp-image-582 size-full\" srcset=\"https:\/\/serendipityconsultingsac.com\/wp-content\/uploads\/2025\/10\/Gemini_Generated_Image_14p05014p05014p0.png 1024w, https:\/\/serendipityconsultingsac.com\/wp-content\/uploads\/2025\/10\/Gemini_Generated_Image_14p05014p05014p0-300x300.png 300w, https:\/\/serendipityconsultingsac.com\/wp-content\/uploads\/2025\/10\/Gemini_Generated_Image_14p05014p05014p0-150x150.png 150w, https:\/\/serendipityconsultingsac.com\/wp-content\/uploads\/2025\/10\/Gemini_Generated_Image_14p05014p05014p0-768x768.png 768w, https:\/\/serendipityconsultingsac.com\/wp-content\/uploads\/2025\/10\/Gemini_Generated_Image_14p05014p05014p0-12x12.png 12w\" sizes=\"auto, (max-width: 1024px) 100vw, 1024px\" \/><\/figure><\/div>\n<\/div>\n\n\n\n<div style=\"background-image:url(&#039;https:\/\/serendipityconsultingsac.com\/wp-content\/uploads\/2025\/10\/3D.png&#039;);background-size:cover;\" class=\"wp-block-group has-global-padding is-layout-constrained wp-block-group-is-layout-constrained has-background\">\n<div class=\"wp-block-cover alignwide\" style=\"margin-bottom:10%;min-height:204px;aspect-ratio:unset;\"><img loading=\"lazy\" decoding=\"async\" width=\"1024\" height=\"1024\" class=\"wp-block-cover__image-background wp-image-500 size-full\" alt=\"\" src=\"https:\/\/serendipityconsultingsac.com\/wp-content\/uploads\/2025\/09\/Gemini_Generated_Image_3zhku33zhku33zhk.png\" data-object-fit=\"cover\" srcset=\"https:\/\/serendipityconsultingsac.com\/wp-content\/uploads\/2025\/09\/Gemini_Generated_Image_3zhku33zhku33zhk.png 1024w, https:\/\/serendipityconsultingsac.com\/wp-content\/uploads\/2025\/09\/Gemini_Generated_Image_3zhku33zhku33zhk-300x300.png 300w, https:\/\/serendipityconsultingsac.com\/wp-content\/uploads\/2025\/09\/Gemini_Generated_Image_3zhku33zhku33zhk-150x150.png 150w, https:\/\/serendipityconsultingsac.com\/wp-content\/uploads\/2025\/09\/Gemini_Generated_Image_3zhku33zhku33zhk-768x768.png 768w\" sizes=\"auto, (max-width: 1024px) 100vw, 1024px\" \/><span aria-hidden=\"true\" class=\"wp-block-cover__background has-background-dim\" style=\"background-color:#560404\"><\/span><div class=\"wp-block-cover__inner-container has-global-padding is-layout-constrained wp-block-cover-is-layout-constrained\">\n<p class=\"has-text-align-center has-system-serif-font-family has-large-font-size\"><em><strong>Whatever your sector, at Serendipity Consulting S.A.C. we adapt our solutions to help you grow with excellence and sustainability.<\/strong><\/em><\/p>\n<\/div><\/div>\n<\/div>","protected":false},"excerpt":{"rendered":"<p>En Serendipity Consulting S.A.C. desarrollamos proyectos de consultor\u00eda y capacitaci\u00f3n en diversos sectores productivos y de servicios. Adaptamos nuestras metodolog\u00edas a cada industria, asegurando soluciones pr\u00e1cticas, sostenibles y orientadas a resultados. \ud83e\uddf5\ud83d\udc55 Textil y confecciones Impulsamos la modernizaci\u00f3n, estandarizaci\u00f3n y certificaci\u00f3n internacional en empresas textiles, fortaleciendo la productividad, calidad y sostenibilidad de la cadena de [&hellip;]<\/p>","protected":false},"author":1,"featured_media":0,"parent":0,"menu_order":0,"comment_status":"closed","ping_status":"closed","template":"","meta":{"footnotes":""},"class_list":["post-33","page","type-page","status-publish","hentry"],"_hostinger_reach_plugin_has_subscription_block":false,"_hostinger_reach_plugin_is_elementor":false,"_links":{"self":[{"href":"https:\/\/serendipityconsultingsac.com\/en\/wp-json\/wp\/v2\/pages\/33","targetHints":{"allow":["GET"]}}],"collection":[{"href":"https:\/\/serendipityconsultingsac.com\/en\/wp-json\/wp\/v2\/pages"}],"about":[{"href":"https:\/\/serendipityconsultingsac.com\/en\/wp-json\/wp\/v2\/types\/page"}],"author":[{"embeddable":true,"href":"https:\/\/serendipityconsultingsac.com\/en\/wp-json\/wp\/v2\/users\/1"}],"replies":[{"embeddable":true,"href":"https:\/\/serendipityconsultingsac.com\/en\/wp-json\/wp\/v2\/comments?post=33"}],"version-history":[{"count":57,"href":"https:\/\/serendipityconsultingsac.com\/en\/wp-json\/wp\/v2\/pages\/33\/revisions"}],"predecessor-version":[{"id":737,"href":"https:\/\/serendipityconsultingsac.com\/en\/wp-json\/wp\/v2\/pages\/33\/revisions\/737"}],"wp:attachment":[{"href":"https:\/\/serendipityconsultingsac.com\/en\/wp-json\/wp\/v2\/media?parent=33"}],"curies":[{"name":"wp","href":"https:\/\/api.w.org\/{rel}","templated":true}]}}