{"id":31,"date":"2025-09-25T08:47:59","date_gmt":"2025-09-25T06:47:59","guid":{"rendered":"https:\/\/serendipityconsultingsac.com\/?page_id=31"},"modified":"2025-10-03T17:10:53","modified_gmt":"2025-10-03T15:10:53","slug":"formacion","status":"publish","type":"page","link":"https:\/\/serendipityconsultingsac.com\/en\/formacion\/","title":{"rendered":"Training that Drives Results"},"content":{"rendered":"<div style=\"background-image:url(&#039;https:\/\/serendipityconsultingsac.com\/wp-content\/uploads\/2025\/10\/2C.png&#039;);background-size:cover;\" class=\"wp-block-group has-global-padding is-layout-constrained wp-block-group-is-layout-constrained has-background\">\n<p class=\"has-text-align-center has-custom-003071-color has-text-color has-link-color wp-elements-a24ef6f4973ac4999befe55542f04301\" style=\"margin-top:0%;margin-bottom:3%;font-size:clamp(0.984em, 0.984rem + ((1vw - 0.2em) * 0.86), 1.5em);\"><strong>Designed under the expertise of our founder and CEO, M.Sc. Yris Torres, with over 30 years of experience, our training programs transform knowledge into tangible actions. Your team will master international standards, solve critical problems, and achieve measurable results in quality, safety, and efficiency. Boost your competitiveness now!<\/strong><\/p>\n<\/div>\n\n\n\n<div style=\"background-image:url(&#039;https:\/\/serendipityconsultingsac.com\/wp-content\/uploads\/2025\/10\/2D.png&#039;);background-size:cover;\" class=\"wp-block-group alignwide has-global-padding is-layout-constrained wp-block-group-is-layout-constrained has-background\">\n<div class=\"wp-block-media-text alignwide has-media-on-the-right is-stacked-on-mobile\" style=\"margin-top:5%;margin-bottom:5%\"><div class=\"wp-block-media-text__content\">\n<h2 class=\"wp-block-heading has-text-align-center has-custom-color-1-color has-text-color has-link-color wp-elements-295a9c1441a5042d8c97049782f1af11\" id=\"capacitaciones-sistemas-gestion\" style=\"font-size:clamp(1.743em, 1.743rem + ((1vw - 0.2em) * 2.095), 3em);\"><strong><em>Management Systems Training<\/em><\/strong><\/h2>\n\n\n\n<ul style=\"font-size:clamp(0.984em, 0.984rem + ((1vw - 0.2em) * 0.86), 1.5em);\" class=\"wp-block-list\">\n<li class=\"has-text-color has-link-color wp-elements-5bda9893569a055c831b1e2f5ef9e297\" style=\"color:#4a4a4a\"><strong>Interpretation and implementation of ISO standards<\/strong><\/li>\n\n\n\n<li class=\"has-text-color has-link-color wp-elements-59959641db85e2cdac8360831779e338\" style=\"color:#4a4a4a\"><strong>Internal audits for ISO 9001, ISO 14001, ISO 45001, and ISO 22000<\/strong><\/li>\n<\/ul>\n<\/div><figure class=\"wp-block-media-text__media\"><img loading=\"lazy\" decoding=\"async\" width=\"1024\" height=\"1024\" src=\"https:\/\/serendipityconsultingsac.com\/wp-content\/uploads\/2025\/09\/Capacitaciones-en-Sistemas-de-Gestion.png\" alt=\"\" class=\"wp-image-332 size-full\" srcset=\"https:\/\/serendipityconsultingsac.com\/wp-content\/uploads\/2025\/09\/Capacitaciones-en-Sistemas-de-Gestion.png 1024w, https:\/\/serendipityconsultingsac.com\/wp-content\/uploads\/2025\/09\/Capacitaciones-en-Sistemas-de-Gestion-300x300.png 300w, https:\/\/serendipityconsultingsac.com\/wp-content\/uploads\/2025\/09\/Capacitaciones-en-Sistemas-de-Gestion-150x150.png 150w, https:\/\/serendipityconsultingsac.com\/wp-content\/uploads\/2025\/09\/Capacitaciones-en-Sistemas-de-Gestion-768x768.png 768w\" sizes=\"auto, (max-width: 1024px) 100vw, 1024px\" \/><\/figure><\/div>\n<\/div>\n\n\n\n<div style=\"background-image:url(&#039;https:\/\/serendipityconsultingsac.com\/wp-content\/uploads\/2025\/10\/2A.png&#039;);background-size:cover;\" class=\"wp-block-group alignwide has-global-padding is-layout-constrained wp-block-group-is-layout-constrained has-background\">\n<div class=\"wp-block-media-text alignwide is-stacked-on-mobile\" style=\"margin-top:5%;margin-bottom:5%\"><figure class=\"wp-block-media-text__media\"><img loading=\"lazy\" decoding=\"async\" width=\"1024\" height=\"1024\" src=\"https:\/\/serendipityconsultingsac.com\/wp-content\/uploads\/2025\/09\/Seguridad-y-Salud-en-el-Trabajo-SST-forma.png\" alt=\"\" class=\"wp-image-331 size-full\" srcset=\"https:\/\/serendipityconsultingsac.com\/wp-content\/uploads\/2025\/09\/Seguridad-y-Salud-en-el-Trabajo-SST-forma.png 1024w, https:\/\/serendipityconsultingsac.com\/wp-content\/uploads\/2025\/09\/Seguridad-y-Salud-en-el-Trabajo-SST-forma-300x300.png 300w, https:\/\/serendipityconsultingsac.com\/wp-content\/uploads\/2025\/09\/Seguridad-y-Salud-en-el-Trabajo-SST-forma-150x150.png 150w, https:\/\/serendipityconsultingsac.com\/wp-content\/uploads\/2025\/09\/Seguridad-y-Salud-en-el-Trabajo-SST-forma-768x768.png 768w\" sizes=\"auto, (max-width: 1024px) 100vw, 1024px\" \/><\/figure><div class=\"wp-block-media-text__content\">\n<h2 class=\"wp-block-heading has-text-align-center\" id=\"seguridad-salud-trabajo\" style=\"font-size:clamp(1.743em, 1.743rem + ((1vw - 0.2em) * 2.095), 3em);\"><strong><em>Occupational Health and Safety (OHS)<\/em><\/strong><\/h2>\n\n\n\n<ul style=\"font-size:clamp(0.984em, 0.984rem + ((1vw - 0.2em) * 0.86), 1.5em);\" class=\"wp-block-list\">\n<li class=\"has-text-color has-link-color wp-elements-dd3f9ee598b1e2e00aef5a036565a183\" style=\"color:#2d3748\"><strong>Design and implementation of OHSMS (Law 29783)<\/strong><\/li>\n\n\n\n<li class=\"has-text-color has-link-color wp-elements-9488fec2b2ff9d55c2866e86f5a8ce18\" style=\"color:#2d3748\"><strong>Development of risk maps using AutoCAD<\/strong><\/li>\n\n\n\n<li class=\"has-text-color has-link-color wp-elements-c1b83fe3e4250b7ce07cc68a0134dc33\" style=\"color:#2d3748\"><strong>Risk assessment (IPERC, REBA, RULA, ROSA)<\/strong><\/li>\n<\/ul>\n<\/div><\/div>\n<\/div>\n\n\n\n<div style=\"background-image:url(&#039;https:\/\/serendipityconsultingsac.com\/wp-content\/uploads\/2025\/10\/2B.png&#039;);background-size:cover;\" class=\"wp-block-group alignwide has-global-padding is-layout-constrained wp-block-group-is-layout-constrained has-background\">\n<div class=\"wp-block-media-text alignwide has-media-on-the-right is-stacked-on-mobile\" style=\"margin-top:5%;margin-bottom:5%\"><div class=\"wp-block-media-text__content\">\n<h2 class=\"wp-block-heading has-text-align-center has-custom-003071-color has-text-color has-link-color wp-elements-92d2298873f7248147c75096ea8b1412\" id=\"inocuidad-alimentaria-agroindustria\" style=\"font-size:clamp(1.743em, 1.743rem + ((1vw - 0.2em) * 2.095), 3em);\"><strong><em>Food Safety and Agro-industry<\/em><\/strong><\/h2>\n\n\n\n<ul style=\"font-size:clamp(0.984em, 0.984rem + ((1vw - 0.2em) * 0.86), 1.5em);\" class=\"wp-block-list\">\n<li class=\"has-text-color has-link-color wp-elements-2d3af4b70cb9c586f2cd4ad3c98780f0\" style=\"color:#4a4a4a\"><strong>HACCP, FSSC 22000, BRCGS, IFS Food<\/strong><\/li>\n\n\n\n<li class=\"has-text-color has-link-color wp-elements-6fde02ecdf2163ea305e43faa0eba960\" style=\"color:#4a4a4a\"><strong>Internal audits in GMP and HACCP<\/strong><\/li>\n\n\n\n<li class=\"has-text-color has-link-color wp-elements-2f23209832389c67cd2a9d4ce5ed488d\" style=\"color:#4a4a4a\"><strong>AQL and sampling inspection<\/strong><\/li>\n\n\n\n<li class=\"has-text-color has-link-color wp-elements-fbaff8551277b3171e148a5ccb4b0a10\" style=\"color:#4a4a4a\"><strong>Traceability and contaminant control<\/strong><\/li>\n\n\n\n<li class=\"has-text-color has-link-color wp-elements-f7b5ad6215cc1e3e2d0495c2ca797ec6\" style=\"color:#4a4a4a\"><strong>Inspection simulations (SENASA, DIGESA, FDA)<\/strong><\/li>\n\n\n\n<li class=\"has-text-color has-link-color wp-elements-15d3e59e693b4df481bc7362d5492e70\" style=\"color:#4a4a4a\"><strong>Visual and sensory protocols for rejection reduction<\/strong><\/li>\n<\/ul>\n<\/div><figure class=\"wp-block-media-text__media\"><img loading=\"lazy\" decoding=\"async\" width=\"1024\" height=\"1024\" src=\"https:\/\/serendipityconsultingsac.com\/wp-content\/uploads\/2025\/09\/Inocuidad-Alimentaria-y-Agroindustria-forma.png\" alt=\"\" class=\"wp-image-330 size-full\" srcset=\"https:\/\/serendipityconsultingsac.com\/wp-content\/uploads\/2025\/09\/Inocuidad-Alimentaria-y-Agroindustria-forma.png 1024w, https:\/\/serendipityconsultingsac.com\/wp-content\/uploads\/2025\/09\/Inocuidad-Alimentaria-y-Agroindustria-forma-300x300.png 300w, https:\/\/serendipityconsultingsac.com\/wp-content\/uploads\/2025\/09\/Inocuidad-Alimentaria-y-Agroindustria-forma-150x150.png 150w, https:\/\/serendipityconsultingsac.com\/wp-content\/uploads\/2025\/09\/Inocuidad-Alimentaria-y-Agroindustria-forma-768x768.png 768w\" sizes=\"auto, (max-width: 1024px) 100vw, 1024px\" \/><\/figure><\/div>\n<\/div>\n\n\n\n<div style=\"background-image:url(&#039;https:\/\/serendipityconsultingsac.com\/wp-content\/uploads\/2025\/10\/2C.png&#039;);background-size:cover;\" class=\"wp-block-group alignwide has-global-padding is-layout-constrained wp-block-group-is-layout-constrained has-background\">\n<div class=\"wp-block-media-text alignwide is-stacked-on-mobile\" style=\"margin-top:5%;margin-bottom:5%\"><figure class=\"wp-block-media-text__media\"><img loading=\"lazy\" decoding=\"async\" width=\"1024\" height=\"1024\" src=\"https:\/\/serendipityconsultingsac.com\/wp-content\/uploads\/2025\/09\/Capacitaciones-en-Lean-Manufacturing-y-Mejora-Continua.png\" alt=\"\" class=\"wp-image-329 size-full\" srcset=\"https:\/\/serendipityconsultingsac.com\/wp-content\/uploads\/2025\/09\/Capacitaciones-en-Lean-Manufacturing-y-Mejora-Continua.png 1024w, https:\/\/serendipityconsultingsac.com\/wp-content\/uploads\/2025\/09\/Capacitaciones-en-Lean-Manufacturing-y-Mejora-Continua-300x300.png 300w, https:\/\/serendipityconsultingsac.com\/wp-content\/uploads\/2025\/09\/Capacitaciones-en-Lean-Manufacturing-y-Mejora-Continua-150x150.png 150w, https:\/\/serendipityconsultingsac.com\/wp-content\/uploads\/2025\/09\/Capacitaciones-en-Lean-Manufacturing-y-Mejora-Continua-768x768.png 768w\" sizes=\"auto, (max-width: 1024px) 100vw, 1024px\" \/><\/figure><div class=\"wp-block-media-text__content\">\n<h2 class=\"wp-block-heading has-text-align-center\" id=\"lean-manufacturing-mejora-continua\" style=\"font-size:clamp(1.743em, 1.743rem + ((1vw - 0.2em) * 2.095), 3em);\"><strong><em>Lean Manufacturing and Continuous Improvement Training<\/em><\/strong><\/h2>\n\n\n\n<ul style=\"font-size:clamp(0.984em, 0.984rem + ((1vw - 0.2em) * 0.86), 1.5em);\" class=\"wp-block-list\">\n<li class=\"has-custom-003071-color has-text-color has-link-color wp-elements-0a087e552106235244761135f93674af\"><strong>Lean tools: 5S, Kaizen, SMED, TPM<\/strong><\/li>\n\n\n\n<li class=\"has-custom-003071-color has-text-color has-link-color wp-elements-28dbf281653b05b1f0a1e48a248677e2\"><strong>Process management and operational optimization<\/strong><\/li>\n\n\n\n<li class=\"has-custom-003071-color has-text-color has-link-color wp-elements-e4d98322a3818f56d2394d5f5fe48eaa\"><strong>Lean Office and Lean HR<\/strong><\/li>\n<\/ul>\n<\/div><\/div>\n<\/div>\n\n\n\n<div style=\"background-image:url(&#039;https:\/\/serendipityconsultingsac.com\/wp-content\/uploads\/2025\/10\/2D.png&#039;);background-size:cover;\" class=\"wp-block-group alignwide has-global-padding is-layout-constrained wp-block-group-is-layout-constrained has-background\">\n<div class=\"wp-block-media-text alignwide has-media-on-the-right is-stacked-on-mobile\" style=\"margin-top:5%;margin-bottom:5%\"><div class=\"wp-block-media-text__content\">\n<h2 class=\"wp-block-heading has-text-align-center has-custom-color-1-color has-text-color has-link-color wp-elements-cf1ba24f087166335ef80d0538b7f9c9\" id=\"sostenibilidad-responsabilidad-social\" style=\"font-size:clamp(1.743em, 1.743rem + ((1vw - 0.2em) * 2.095), 3em);\"><strong><em>Sustainability and Social Responsibility<\/em><\/strong><\/h2>\n\n\n\n<ul style=\"font-size:clamp(0.984em, 0.984rem + ((1vw - 0.2em) * 0.86), 1.5em);\" class=\"wp-block-list\">\n<li class=\"has-text-color has-link-color wp-elements-ba02e79b6373e63c1890b9da592299e0\" style=\"color:#4a4a4a\"><strong>Circular economy and ESG goal compliance<\/strong><\/li>\n\n\n\n<li class=\"has-text-color has-link-color wp-elements-547929b05211bc5baef85812174e2502\" style=\"color:#4a4a4a\"><strong>SA 8000 (Social Accountability)<\/strong><\/li>\n\n\n\n<li class=\"has-text-color has-link-color wp-elements-5d53e220ce7487159a8bcd01d709b1a0\" style=\"color:#4a4a4a\"><strong>Sustainability and environmental care awareness<\/strong><\/li>\n<\/ul>\n<\/div><figure class=\"wp-block-media-text__media\"><img loading=\"lazy\" decoding=\"async\" width=\"1024\" height=\"960\" src=\"https:\/\/serendipityconsultingsac.com\/wp-content\/uploads\/2025\/09\/Sostenibilidad-y-Responsabilidad-Social.png\" alt=\"\" class=\"wp-image-328 size-full\" srcset=\"https:\/\/serendipityconsultingsac.com\/wp-content\/uploads\/2025\/09\/Sostenibilidad-y-Responsabilidad-Social.png 1024w, https:\/\/serendipityconsultingsac.com\/wp-content\/uploads\/2025\/09\/Sostenibilidad-y-Responsabilidad-Social-300x281.png 300w, https:\/\/serendipityconsultingsac.com\/wp-content\/uploads\/2025\/09\/Sostenibilidad-y-Responsabilidad-Social-768x720.png 768w\" sizes=\"auto, (max-width: 1024px) 100vw, 1024px\" \/><\/figure><\/div>\n<\/div>\n\n\n\n<div style=\"background-image:url(&#039;https:\/\/serendipityconsultingsac.com\/wp-content\/uploads\/2025\/10\/2A.png&#039;);background-size:cover;\" class=\"wp-block-group alignwide has-global-padding is-layout-constrained wp-block-group-is-layout-constrained has-background\">\n<div class=\"wp-block-media-text alignwide is-stacked-on-mobile\" style=\"margin-top:5%;margin-bottom:5%\"><figure class=\"wp-block-media-text__media\"><img loading=\"lazy\" decoding=\"async\" width=\"1024\" height=\"1024\" src=\"https:\/\/serendipityconsultingsac.com\/wp-content\/uploads\/2025\/09\/Gestion-del-Talento-Humano-forma.png\" alt=\"\" class=\"wp-image-327 size-full\" srcset=\"https:\/\/serendipityconsultingsac.com\/wp-content\/uploads\/2025\/09\/Gestion-del-Talento-Humano-forma.png 1024w, https:\/\/serendipityconsultingsac.com\/wp-content\/uploads\/2025\/09\/Gestion-del-Talento-Humano-forma-300x300.png 300w, https:\/\/serendipityconsultingsac.com\/wp-content\/uploads\/2025\/09\/Gestion-del-Talento-Humano-forma-150x150.png 150w, https:\/\/serendipityconsultingsac.com\/wp-content\/uploads\/2025\/09\/Gestion-del-Talento-Humano-forma-768x768.png 768w\" sizes=\"auto, (max-width: 1024px) 100vw, 1024px\" \/><\/figure><div class=\"wp-block-media-text__content\">\n<h2 class=\"wp-block-heading has-text-align-center\" id=\"gestion-talento-humano\" style=\"font-size:clamp(1.743em, 1.743rem + ((1vw - 0.2em) * 2.095), 3em);\"><strong><em>Human Talent Management<\/em><\/strong><\/h2>\n\n\n\n<ul style=\"font-size:clamp(0.984em, 0.984rem + ((1vw - 0.2em) * 0.86), 1.5em);\" class=\"wp-block-list\">\n<li class=\"has-text-color has-link-color wp-elements-2a20dd62f82167e413e944972c3dfb97\" style=\"color:#2d3748\"><strong>High-performance team development<\/strong><\/li>\n\n\n\n<li class=\"has-text-color has-link-color wp-elements-4aab6546b03a25ff4077855dbdbdc03a\" style=\"color:#2d3748\"><strong>Leadership, motivation, and quality culture<\/strong><\/li>\n\n\n\n<li class=\"has-text-color has-link-color wp-elements-be432573d6ea65f68861cbe611a159a8\" style=\"color:#2d3748\"><strong>Strategies to foster commitment and productivity<\/strong><\/li>\n\n\n\n<li class=\"has-text-color has-link-color wp-elements-512db91ca392036003ce3156f06a86f2\" style=\"color:#2d3748\"><strong>Custom soft skills workshops<\/strong><\/li>\n<\/ul>\n<\/div><\/div>\n<\/div>\n\n\n\n<div style=\"background-image:url(&#039;https:\/\/serendipityconsultingsac.com\/wp-content\/uploads\/2025\/10\/2B.png&#039;);background-size:cover;\" class=\"wp-block-group alignwide has-global-padding is-layout-constrained wp-block-group-is-layout-constrained has-background\">\n<div class=\"wp-block-media-text alignwide has-media-on-the-right is-stacked-on-mobile\" style=\"margin-top:5%;margin-bottom:5%\"><div class=\"wp-block-media-text__content\">\n<h2 class=\"wp-block-heading has-text-align-center has-custom-003071-color has-text-color has-link-color wp-elements-c4b4738339931542e9869c345fa72727\" id=\"talleres-especificos-tecnicos\" style=\"font-size:clamp(1.743em, 1.743rem + ((1vw - 0.2em) * 2.095), 3em);\"><strong><em>Specific and Technical Workshops<\/em><\/strong><\/h2>\n\n\n\n<ul style=\"font-size:clamp(0.984em, 0.984rem + ((1vw - 0.2em) * 0.86), 1.5em);\" class=\"wp-block-list\">\n<li class=\"has-text-color has-link-color wp-elements-67fa77bd4130ebf7c8c91b97b475ceba\" style=\"color:#4a4a4a\"><strong>\"Food Safety Starts with You\" (awareness)<\/strong><\/li>\n\n\n\n<li class=\"has-text-color has-link-color wp-elements-c5966c3dfe08054bc5ff52e00304b4c2\" style=\"color:#4a4a4a\"><strong>Quality culture and recognition programs<\/strong><\/li>\n\n\n\n<li class=\"has-text-color has-link-color wp-elements-9cc6a9589cae796363299c60c497c976\" style=\"color:#4a4a4a\"><strong>Problem-solving and leadership<\/strong><\/li>\n\n\n\n<li class=\"has-text-color has-link-color wp-elements-bcd4de77765ff0c92e08f61fa5b6cb77\" style=\"color:#4a4a4a\"><strong>Proper use of PPE<\/strong><\/li>\n\n\n\n<li class=\"has-text-color has-link-color wp-elements-c824a47f5f8b55b4875d41d825cc87c8\" style=\"color:#4a4a4a\"><strong>Sanitation Standard Operating Procedures (SSOP)<\/strong><\/li>\n<\/ul>\n<\/div><figure class=\"wp-block-media-text__media\"><img loading=\"lazy\" decoding=\"async\" width=\"1024\" height=\"1024\" src=\"https:\/\/serendipityconsultingsac.com\/wp-content\/uploads\/2025\/09\/Talleres-Especificos-y-Tecnicos.png\" alt=\"\" class=\"wp-image-334 size-full\" srcset=\"https:\/\/serendipityconsultingsac.com\/wp-content\/uploads\/2025\/09\/Talleres-Especificos-y-Tecnicos.png 1024w, https:\/\/serendipityconsultingsac.com\/wp-content\/uploads\/2025\/09\/Talleres-Especificos-y-Tecnicos-300x300.png 300w, https:\/\/serendipityconsultingsac.com\/wp-content\/uploads\/2025\/09\/Talleres-Especificos-y-Tecnicos-150x150.png 150w, https:\/\/serendipityconsultingsac.com\/wp-content\/uploads\/2025\/09\/Talleres-Especificos-y-Tecnicos-768x768.png 768w\" sizes=\"auto, (max-width: 1024px) 100vw, 1024px\" \/><\/figure><\/div>\n<\/div>\n\n\n\n<div style=\"background-image:url(&#039;https:\/\/serendipityconsultingsac.com\/wp-content\/uploads\/2025\/10\/2C.png&#039;);background-size:cover;\" class=\"wp-block-group alignwide has-global-padding is-layout-constrained wp-block-group-is-layout-constrained has-background\">\n<div class=\"wp-block-media-text alignwide is-stacked-on-mobile\" style=\"margin-top:5%;margin-bottom:5%\"><figure class=\"wp-block-media-text__media\"><img loading=\"lazy\" decoding=\"async\" width=\"1024\" height=\"1024\" src=\"https:\/\/serendipityconsultingsac.com\/wp-content\/uploads\/2025\/09\/Formacion-practica-para-el-personal-operativo-y-administrativo.png\" alt=\"\" class=\"wp-image-333 size-full\" srcset=\"https:\/\/serendipityconsultingsac.com\/wp-content\/uploads\/2025\/09\/Formacion-practica-para-el-personal-operativo-y-administrativo.png 1024w, https:\/\/serendipityconsultingsac.com\/wp-content\/uploads\/2025\/09\/Formacion-practica-para-el-personal-operativo-y-administrativo-300x300.png 300w, https:\/\/serendipityconsultingsac.com\/wp-content\/uploads\/2025\/09\/Formacion-practica-para-el-personal-operativo-y-administrativo-150x150.png 150w, https:\/\/serendipityconsultingsac.com\/wp-content\/uploads\/2025\/09\/Formacion-practica-para-el-personal-operativo-y-administrativo-768x768.png 768w\" sizes=\"auto, (max-width: 1024px) 100vw, 1024px\" \/><\/figure><div class=\"wp-block-media-text__content\">\n<h2 class=\"wp-block-heading has-text-align-center\" id=\"formacion-practica-operativo-administrativo\" style=\"font-size:clamp(1.743em, 1.743rem + ((1vw - 0.2em) * 2.095), 3em);\"><strong><em>Practical training for operational and administrative staff<\/em><\/strong><\/h2>\n\n\n\n<ul style=\"font-size:clamp(0.984em, 0.984rem + ((1vw - 0.2em) * 0.86), 1.5em);\" class=\"wp-block-list\">\n<li class=\"has-custom-003071-color has-text-color has-link-color wp-elements-fb9edc7789a42f80dc6ba777ec8eeb0c\"><strong>Awareness workshops<\/strong><\/li>\n\n\n\n<li class=\"has-custom-003071-color has-text-color has-link-color wp-elements-216186f97f93cd649ce78bbbaecd317a\"><strong>Recognition and motivation programs<\/strong><\/li>\n\n\n\n<li class=\"has-custom-003071-color has-text-color has-link-color wp-elements-0116463ab3aa431ea20f0f98286988c4\"><strong>Quality culture and continuous improvement<\/strong><\/li>\n<\/ul>\n<\/div><\/div>\n<\/div>\n\n\n\n<p><\/p>","protected":false},"excerpt":{"rendered":"<p>Dise\u00f1adas bajo la expertise de nuestra fundadora y CEO, Mag. Ing. Yris Torres, con m\u00e1s de 30 a\u00f1os de experiencia, nuestras capacitaciones transforman el conocimiento en acciones tangibles. Tu equipo dominar\u00e1 est\u00e1ndares internacionales, resolver\u00e1 problemas cr\u00edticos y lograr\u00e1 resultados medibles en calidad, seguridad y eficiencia. \u00a1Eleva tu competitividad ahora! Capacitaciones en Sistemas de Gesti\u00f3n Seguridad [&hellip;]<\/p>","protected":false},"author":1,"featured_media":0,"parent":0,"menu_order":0,"comment_status":"closed","ping_status":"closed","template":"","meta":{"footnotes":""},"class_list":["post-31","page","type-page","status-publish","hentry"],"_hostinger_reach_plugin_has_subscription_block":false,"_hostinger_reach_plugin_is_elementor":false,"_links":{"self":[{"href":"https:\/\/serendipityconsultingsac.com\/en\/wp-json\/wp\/v2\/pages\/31","targetHints":{"allow":["GET"]}}],"collection":[{"href":"https:\/\/serendipityconsultingsac.com\/en\/wp-json\/wp\/v2\/pages"}],"about":[{"href":"https:\/\/serendipityconsultingsac.com\/en\/wp-json\/wp\/v2\/types\/page"}],"author":[{"embeddable":true,"href":"https:\/\/serendipityconsultingsac.com\/en\/wp-json\/wp\/v2\/users\/1"}],"replies":[{"embeddable":true,"href":"https:\/\/serendipityconsultingsac.com\/en\/wp-json\/wp\/v2\/comments?post=31"}],"version-history":[{"count":39,"href":"https:\/\/serendipityconsultingsac.com\/en\/wp-json\/wp\/v2\/pages\/31\/revisions"}],"predecessor-version":[{"id":723,"href":"https:\/\/serendipityconsultingsac.com\/en\/wp-json\/wp\/v2\/pages\/31\/revisions\/723"}],"wp:attachment":[{"href":"https:\/\/serendipityconsultingsac.com\/en\/wp-json\/wp\/v2\/media?parent=31"}],"curies":[{"name":"wp","href":"https:\/\/api.w.org\/{rel}","templated":true}]}}