{"id":25,"date":"2025-09-25T08:45:39","date_gmt":"2025-09-25T06:45:39","guid":{"rendered":"https:\/\/serendipityconsultingsac.com\/?page_id=25"},"modified":"2025-10-03T17:08:32","modified_gmt":"2025-10-03T15:08:32","slug":"inicio","status":"publish","type":"page","link":"https:\/\/serendipityconsultingsac.com\/en\/","title":{"rendered":"Consulting and training for unlimited growth"},"content":{"rendered":"<div class=\"wp-block-group has-global-padding is-layout-constrained wp-block-group-is-layout-constrained\">\n<p class=\"has-text-align-left translation-block\" style=\"margin-bottom:5%;font-size:clamp(1.039em, 1.039rem + ((1vw - 0.2em) * 0.935), 1.6em);\">At Serendipity Consulting SAC, we guide organizations on their path to excellence by providing tailored management, training, and innovation solutions for every industry. From the textile sector to agro-industry, services, education, and manufacturing, we help companies strengthen their processes, comply with international standards, and empower their human talent.<\/p>\n\n\n\n<p class=\"has-text-align-left translation-block\" style=\"margin-bottom:5%;font-size:clamp(1.039em, 1.039rem + ((1vw - 0.2em) * 0.935), 1.6em);\">Our proposal integrates continuous improvement, sustainability, and social responsibility, ensuring that every project generates tangible results and a positive impact on your organization's future.<\/p>\n<\/div>\n\n\n\n<div style=\"background-image:url(&#039;https:\/\/serendipityconsultingsac.com\/wp-content\/uploads\/2025\/10\/6A.png&#039;);background-size:cover;\" class=\"wp-block-group alignwide has-global-padding is-layout-constrained wp-block-group-is-layout-constrained has-background\">\n<div class=\"wp-block-media-text alignwide is-stacked-on-mobile\" style=\"margin-top:5%;margin-bottom:5%\"><figure class=\"wp-block-media-text__media\"><img loading=\"lazy\" decoding=\"async\" width=\"1024\" height=\"898\" src=\"https:\/\/serendipityconsultingsac.com\/wp-content\/uploads\/2025\/09\/Gemini_Generated_Image_dr7lyudr7lyudr7l.png\" alt=\"\" class=\"wp-image-464 size-full\" srcset=\"https:\/\/serendipityconsultingsac.com\/wp-content\/uploads\/2025\/09\/Gemini_Generated_Image_dr7lyudr7lyudr7l.png 1024w, https:\/\/serendipityconsultingsac.com\/wp-content\/uploads\/2025\/09\/Gemini_Generated_Image_dr7lyudr7lyudr7l-300x263.png 300w, https:\/\/serendipityconsultingsac.com\/wp-content\/uploads\/2025\/09\/Gemini_Generated_Image_dr7lyudr7lyudr7l-768x674.png 768w\" sizes=\"auto, (max-width: 1024px) 100vw, 1024px\" \/><\/figure><div class=\"wp-block-media-text__content\">\n<h2 class=\"wp-block-heading has-text-align-center has-custom-color-1-color has-text-color has-link-color wp-elements-33aedc7206b6e624089e59c38c119dbf\" style=\"font-size:clamp(1.743em, 1.743rem + ((1vw - 0.2em) * 2.095), 3em);\"><strong><em>Value Proposition:<\/em><\/strong><\/h2>\n\n\n\n<ul class=\"wp-block-list\">\n<li class=\"has-text-color has-link-color wp-elements-950e8e19500adc187bfb914f5ff9139f\" style=\"color:#2d3748;font-size:clamp(1.039em, 1.039rem + ((1vw - 0.2em) * 0.935), 1.6em);\">\u2705 Over 30 years of experience<\/li>\n\n\n\n<li class=\"has-text-color has-link-color wp-elements-99ef45ae45bf7872f956a2fe8d1abe22\" style=\"color:#2d3748;font-size:clamp(1.039em, 1.039rem + ((1vw - 0.2em) * 0.935), 1.6em);\">\u2705 Consulting expertise across diverse industries<\/li>\n\n\n\n<li class=\"has-text-color has-link-color wp-elements-7af3f818d627394115fefdef1cb7718c\" style=\"color:#2d3748;font-size:clamp(1.039em, 1.039rem + ((1vw - 0.2em) * 0.935), 1.6em);\">\u2705 Multidisciplinary team of experts<\/li>\n\n\n\n<li class=\"has-text-color has-link-color wp-elements-611db69a2f00a7d830e860d05856f38f\" style=\"color:#2d3748;font-size:clamp(1.039em, 1.039rem + ((1vw - 0.2em) * 0.935), 1.6em);\">\u2705 Proven results<\/li>\n<\/ul>\n<\/div><\/div>\n<\/div>\n\n\n\n<blockquote class=\"wp-block-quote alignwide is-layout-flow wp-block-quote-is-layout-flow\" style=\"margin-top:5%;margin-bottom:5%\">\n<p class=\"has-text-align-right\"><strong>We transform processes, empower people, and build the future.<\/strong><\/p>\n<\/blockquote>\n\n\n\n<div style=\"background-image:url(&#039;https:\/\/serendipityconsultingsac.com\/wp-content\/uploads\/2025\/10\/6B.png&#039;);background-size:cover;\" class=\"wp-block-group alignwide has-global-padding is-layout-constrained wp-block-group-is-layout-constrained has-background\">\n<div class=\"wp-block-media-text alignwide is-stacked-on-mobile is-vertically-aligned-center\" style=\"margin-top:5%;margin-bottom:5%\"><figure class=\"wp-block-media-text__media\"><img loading=\"lazy\" decoding=\"async\" width=\"1024\" height=\"1024\" src=\"https:\/\/serendipityconsultingsac.com\/wp-content\/uploads\/2025\/09\/Gemini_Generated_Image_2k1n1d2k1n1d2k1n.png\" alt=\"\" class=\"wp-image-449 size-full\" srcset=\"https:\/\/serendipityconsultingsac.com\/wp-content\/uploads\/2025\/09\/Gemini_Generated_Image_2k1n1d2k1n1d2k1n.png 1024w, https:\/\/serendipityconsultingsac.com\/wp-content\/uploads\/2025\/09\/Gemini_Generated_Image_2k1n1d2k1n1d2k1n-300x300.png 300w, https:\/\/serendipityconsultingsac.com\/wp-content\/uploads\/2025\/09\/Gemini_Generated_Image_2k1n1d2k1n1d2k1n-150x150.png 150w, https:\/\/serendipityconsultingsac.com\/wp-content\/uploads\/2025\/09\/Gemini_Generated_Image_2k1n1d2k1n1d2k1n-768x768.png 768w\" sizes=\"auto, (max-width: 1024px) 100vw, 1024px\" \/><\/figure><div class=\"wp-block-media-text__content\">\n<h2 class=\"wp-block-heading has-text-align-center has-custom-003071-color has-text-color has-link-color wp-elements-047c3982473b7b7e06ebfa941ff529dd\" style=\"font-size:clamp(1.743em, 1.743rem + ((1vw - 0.2em) * 2.095), 3em);\"><strong><em>Services:<\/em><\/strong><\/h2>\n\n\n\n<ul style=\"color:#4a4a4a\" class=\"wp-block-list has-text-color has-link-color wp-elements-005de0b764acebb4206af0a35dab2818\">\n<li style=\"font-size:clamp(1.039em, 1.039rem + ((1vw - 0.2em) * 0.935), 1.6em);\"><a href=\"https:\/\/serendipityconsultingsac.com\/en\/servicios\/#implementacion-sistemas-gestion\">Management System Implementation<\/a><\/li>\n\n\n\n<li style=\"font-size:clamp(1.039em, 1.039rem + ((1vw - 0.2em) * 0.935), 1.6em);\"><a href=\"https:\/\/serendipityconsultingsac.com\/en\/servicios\/#lean-management-mejora-continua\">Lean Management and Continuous Improvement Consulting<\/a><\/li>\n\n\n\n<li style=\"font-size:clamp(1.039em, 1.039rem + ((1vw - 0.2em) * 0.935), 1.6em);\"><a href=\"https:\/\/serendipityconsultingsac.com\/en\/servicios\/#homologacion-proveedores\">Supplier Homologation<\/a><\/li>\n\n\n\n<li style=\"font-size:clamp(1.039em, 1.039rem + ((1vw - 0.2em) * 0.935), 1.6em);\"><a href=\"https:\/\/serendipityconsultingsac.com\/en\/servicios\/#seguridad-salud-trabajo\">Occupational Health and Safety (OHS)<\/a><\/li>\n\n\n\n<li style=\"font-size:clamp(1.039em, 1.039rem + ((1vw - 0.2em) * 0.935), 1.6em);\"><a href=\"https:\/\/serendipityconsultingsac.com\/en\/servicios\/#inocuidad-alimentaria-agroindustria\">Food Safety and Agro-industry<\/a><\/li>\n\n\n\n<li style=\"font-size:clamp(1.039em, 1.039rem + ((1vw - 0.2em) * 0.935), 1.6em);\"><a href=\"https:\/\/serendipityconsultingsac.com\/en\/servicios\/#sostenibilidad-rse\">Sustainability and Corporate Social Responsibility<\/a><\/li>\n\n\n\n<li style=\"font-size:clamp(1.039em, 1.039rem + ((1vw - 0.2em) * 0.935), 1.6em);\"><a href=\"https:\/\/serendipityconsultingsac.com\/en\/servicios\/#investigacion-desarrollo-innovacion\">Research, Development, and Innovation (R&amp;D&amp;I)<\/a><\/li>\n\n\n\n<li style=\"font-size:clamp(1.039em, 1.039rem + ((1vw - 0.2em) * 0.935), 1.6em);\"><a href=\"https:\/\/serendipityconsultingsac.com\/en\/servicios\/#gestion-talento-humano\">Human Talent Management<\/a><\/li>\n\n\n\n<li style=\"font-size:clamp(1.039em, 1.039rem + ((1vw - 0.2em) * 0.935), 1.6em);\"><a href=\"https:\/\/serendipityconsultingsac.com\/en\/servicios\/#documentos-gestion\">Development of Management Documents<\/a><\/li>\n\n\n\n<li style=\"font-size:clamp(1.039em, 1.039rem + ((1vw - 0.2em) * 0.935), 1.6em);\"><a href=\"https:\/\/serendipityconsultingsac.com\/en\/servicios\/#propiedad-intelectual-marcas\">Intellectual Property and Trademarks<\/a><\/li>\n<\/ul>\n<\/div><\/div>\n<\/div>\n\n\n\n<blockquote class=\"wp-block-quote alignwide is-layout-flow wp-block-quote-is-layout-flow\">\n<p><strong><em>Tools change processes, but only people transform organizations.<\/em><\/strong><\/p>\n<\/blockquote>\n\n\n\n<div style=\"background-image:url(&#039;https:\/\/serendipityconsultingsac.com\/wp-content\/uploads\/2025\/10\/6C.png&#039;);background-size:cover;\" class=\"wp-block-group alignwide has-global-padding is-layout-constrained wp-block-group-is-layout-constrained has-background\">\n<div class=\"wp-block-media-text alignwide has-media-on-the-right is-stacked-on-mobile is-vertically-aligned-center\" style=\"margin-top:5%;margin-bottom:5%\"><div class=\"wp-block-media-text__content\">\n<h2 class=\"wp-block-heading has-text-align-center has-custom-color-1-color has-text-color has-link-color wp-elements-fdfa50c8eaa3543fe64264361d9393e1\" style=\"font-size:clamp(1.743em, 1.743rem + ((1vw - 0.2em) * 2.095), 3em);\"><strong><em>Training:<\/em><\/strong><\/h2>\n\n\n\n<ul class=\"wp-block-list has-custom-003071-color has-text-color has-link-color wp-elements-033dc847e227bf393392966066351271\">\n<li style=\"font-size:clamp(1.039em, 1.039rem + ((1vw - 0.2em) * 0.935), 1.6em);\"><a href=\"https:\/\/serendipityconsultingsac.com\/en\/formacion\/#capacitaciones-sistemas-gestion\">Management Systems Training<\/a><\/li>\n\n\n\n<li style=\"font-size:clamp(1.039em, 1.039rem + ((1vw - 0.2em) * 0.935), 1.6em);\"><a href=\"https:\/\/serendipityconsultingsac.com\/en\/formacion\/#seguridad-salud-trabajo\">Occupational Health and Safety (OHS)<\/a><\/li>\n\n\n\n<li style=\"font-size:clamp(1.039em, 1.039rem + ((1vw - 0.2em) * 0.935), 1.6em);\"><a href=\"https:\/\/serendipityconsultingsac.com\/en\/formacion\/#inocuidad-alimentaria-agroindustria\">Food Safety and Agro-industry<\/a><\/li>\n\n\n\n<li style=\"font-size:clamp(1.039em, 1.039rem + ((1vw - 0.2em) * 0.935), 1.6em);\"><a href=\"https:\/\/serendipityconsultingsac.com\/en\/formacion\/#lean-manufacturing-mejora-continua\">Lean Manufacturing and Continuous Improvement Training<\/a><\/li>\n\n\n\n<li style=\"font-size:clamp(1.039em, 1.039rem + ((1vw - 0.2em) * 0.935), 1.6em);\"><a href=\"https:\/\/serendipityconsultingsac.com\/en\/formacion\/#sostenibilidad-responsabilidad-social\">Sustainability and Social Responsibility<\/a><\/li>\n\n\n\n<li style=\"font-size:clamp(1.039em, 1.039rem + ((1vw - 0.2em) * 0.935), 1.6em);\"><a href=\"https:\/\/serendipityconsultingsac.com\/en\/formacion\/#gestion-talento-humano\">Human Talent Management<\/a><\/li>\n\n\n\n<li style=\"font-size:clamp(1.039em, 1.039rem + ((1vw - 0.2em) * 0.935), 1.6em);\"><a href=\"https:\/\/serendipityconsultingsac.com\/en\/formacion\/#talleres-especificos-tecnicos\">Specific and Technical Workshops<\/a><\/li>\n\n\n\n<li class=\"has-custom-003071-color has-text-color has-link-color wp-elements-5e46c8b88f0907dcfb93cc74797f8055\" style=\"font-size:clamp(1.039em, 1.039rem + ((1vw - 0.2em) * 0.935), 1.6em);\"><a href=\"https:\/\/serendipityconsultingsac.com\/en\/formacion\/#formacion-practica-operativo-administrativo\">Practical training for operational and administrative staff<\/a><\/li>\n<\/ul>\n<\/div><figure class=\"wp-block-media-text__media\"><img loading=\"lazy\" decoding=\"async\" width=\"1024\" height=\"1024\" src=\"https:\/\/serendipityconsultingsac.com\/wp-content\/uploads\/2025\/09\/Gemini_Generated_Image_86f8o286f8o286f8.png\" alt=\"\" class=\"wp-image-453 size-full\" srcset=\"https:\/\/serendipityconsultingsac.com\/wp-content\/uploads\/2025\/09\/Gemini_Generated_Image_86f8o286f8o286f8.png 1024w, https:\/\/serendipityconsultingsac.com\/wp-content\/uploads\/2025\/09\/Gemini_Generated_Image_86f8o286f8o286f8-300x300.png 300w, https:\/\/serendipityconsultingsac.com\/wp-content\/uploads\/2025\/09\/Gemini_Generated_Image_86f8o286f8o286f8-150x150.png 150w, https:\/\/serendipityconsultingsac.com\/wp-content\/uploads\/2025\/09\/Gemini_Generated_Image_86f8o286f8o286f8-768x768.png 768w\" sizes=\"auto, (max-width: 1024px) 100vw, 1024px\" \/><\/figure><\/div>\n<\/div>\n\n\n\n<blockquote class=\"wp-block-quote alignwide has-text-align-right is-layout-flow wp-block-quote-is-layout-flow\">\n<p><strong><em>Every improvement in management is an investment in the future: greater productivity, increased confidence, and enhanced sustainability.<\/em><\/strong>.<\/p>\n<\/blockquote>\n\n\n\n<div style=\"background-image:url(&#039;https:\/\/serendipityconsultingsac.com\/wp-content\/uploads\/2025\/10\/6D.png&#039;);background-size:cover;\" class=\"wp-block-group alignwide has-global-padding is-layout-constrained wp-block-group-is-layout-constrained has-background\">\n<div class=\"wp-block-media-text alignwide is-stacked-on-mobile\" style=\"margin-top:5%;margin-bottom:5%\"><figure class=\"wp-block-media-text__media\"><img loading=\"lazy\" decoding=\"async\" width=\"1024\" height=\"1024\" src=\"https:\/\/serendipityconsultingsac.com\/wp-content\/uploads\/2025\/09\/Gemini_Generated_Image_j440nij440nij440.png\" alt=\"\" class=\"wp-image-469 size-full\" srcset=\"https:\/\/serendipityconsultingsac.com\/wp-content\/uploads\/2025\/09\/Gemini_Generated_Image_j440nij440nij440.png 1024w, https:\/\/serendipityconsultingsac.com\/wp-content\/uploads\/2025\/09\/Gemini_Generated_Image_j440nij440nij440-300x300.png 300w, https:\/\/serendipityconsultingsac.com\/wp-content\/uploads\/2025\/09\/Gemini_Generated_Image_j440nij440nij440-150x150.png 150w, https:\/\/serendipityconsultingsac.com\/wp-content\/uploads\/2025\/09\/Gemini_Generated_Image_j440nij440nij440-768x768.png 768w\" sizes=\"auto, (max-width: 1024px) 100vw, 1024px\" \/><\/figure><div class=\"wp-block-media-text__content\">\n<h2 class=\"wp-block-heading has-text-align-center has-custom-003071-color has-text-color has-link-color wp-elements-5b2c3b703e665004748fd4b8e57e1321\" style=\"font-size:clamp(1.743em, 1.743rem + ((1vw - 0.2em) * 2.095), 3em);\"><strong><em>Industries We Serve:<\/em><\/strong><\/h2>\n\n\n\n<ul style=\"color:#4a4a4a\" class=\"wp-block-list has-text-color has-link-color wp-elements-b0d6270d03bde0db7870540f27ff87e2\">\n<li class=\"has-text-color has-link-color wp-elements-42a7685b10a78ff44bd2a4d55cb54a1c\" style=\"color:#4a4a4a;font-size:clamp(1.039em, 1.039rem + ((1vw - 0.2em) * 0.935), 1.6em);\">Textile and Apparel<\/li>\n\n\n\n<li class=\"has-text-color has-link-color wp-elements-db6f488ddfa29e176c670a2c4772d4bc\" style=\"color:#4a4a4a;font-size:clamp(1.039em, 1.039rem + ((1vw - 0.2em) * 0.935), 1.6em);\">Agro-industry and Food<\/li>\n\n\n\n<li class=\"has-text-color has-link-color wp-elements-7a9edc39c914f54d84a4415ec3c679bc\" style=\"color:#4a4a4a;font-size:clamp(1.039em, 1.039rem + ((1vw - 0.2em) * 0.935), 1.6em);\">Manufacturing<\/li>\n\n\n\n<li class=\"has-text-color has-link-color wp-elements-3b29e729c946fda1ca31c8103092e5c3\" style=\"color:#4a4a4a;font-size:clamp(1.039em, 1.039rem + ((1vw - 0.2em) * 0.935), 1.6em);\">Education<\/li>\n\n\n\n<li class=\"has-text-color has-link-color wp-elements-973456e7d3257670d8cc5dbcc790cf4e\" style=\"color:#4a4a4a;font-size:clamp(1.039em, 1.039rem + ((1vw - 0.2em) * 0.935), 1.6em);\">Corporate Services<\/li>\n\n\n\n<li class=\"has-text-color has-link-color wp-elements-28b57b434f1bb573d14f79faebdb1e1d\" style=\"color:#4a4a4a;font-size:clamp(1.039em, 1.039rem + ((1vw - 0.2em) * 0.935), 1.6em);\">Retail and Commerce<\/li>\n\n\n\n<li class=\"has-text-color has-link-color wp-elements-6a9421d08accec1809db1bf33fb5392f\" style=\"color:#4a4a4a;font-size:clamp(1.039em, 1.039rem + ((1vw - 0.2em) * 0.935), 1.6em);\">Occupational Health and Safety<\/li>\n\n\n\n<li class=\"has-text-color has-link-color wp-elements-3c9dde552914083153ba39d25f9b02a3\" style=\"color:#4a4a4a;font-size:clamp(1.039em, 1.039rem + ((1vw - 0.2em) * 0.935), 1.6em);\">Mining and Energy<\/li>\n\n\n\n<li class=\"has-text-color has-link-color wp-elements-009bfa51bd930acc9a128bd7acb98ab8\" style=\"color:#4a4a4a;font-size:clamp(1.039em, 1.039rem + ((1vw - 0.2em) * 0.935), 1.6em);\">Construction and Infrastructure<\/li>\n\n\n\n<li class=\"has-text-color has-link-color wp-elements-d97d4f944bb22664d0e390154c84852b\" style=\"color:#4a4a4a;font-size:clamp(1.039em, 1.039rem + ((1vw - 0.2em) * 0.935), 1.6em);\">Transportation and Logistics<\/li>\n<\/ul>\n<\/div><\/div>\n<\/div>\n\n\n\n<blockquote class=\"wp-block-quote alignwide is-style-default is-layout-flow wp-block-quote-is-layout-flow\" style=\"margin-top:5%;margin-bottom:5%\">\n<p class=\"has-custom-color-3-color has-text-color has-link-color wp-elements-1812f70284ae59cf4b5ab5d12fa5efd4\"><strong><em>Discover how we take your organization from challenge to achievement<\/em><\/strong> <strong><em>\u2192 <a href=\"https:\/\/serendipityconsultingsac.com\/en\/contactanos\/\">Contact Us<\/a><\/em><\/strong><\/p>\n<\/blockquote>\n\n\n\n<div class=\"wp-block-group has-global-padding is-layout-constrained wp-container-core-group-is-layout-0e9b80d7 wp-block-group-is-layout-constrained\" style=\"margin-bottom:5%\">\n<div style=\"display: flex; flex-direction: column; align-items: start; gap: 10px;\">\n   <!-- Aqu\u00ed va tu mapa -->\n <iframe src=\"https:\/\/www.google.com\/maps\/embed?pb=!1m18!1m12!1m3!1d2320.160102280178!2d-77.06447577482429!3d-12.04155024714761!2m3!1f0!2f0!3f0!3m2!1i1024!2i768!4f13.1!3m3!1m2!1s0x9105ced3406ecb9d%3A0xa656e854a1ba0eaf!2sJr.%20Pedro%20G%C3%A1rezon%201661%2C%20Lima%2015079!5e0!3m2!1ses-419!2spe!4v1759297909205!5m2!1ses-419!2spe\" width=\"600\" height=\"450\" style=\"border:0;\" allowfullscreen=\"\" loading=\"lazy\" referrerpolicy=\"no-referrer-when-downgrade\"><\/iframe>\n<\/div>","protected":false},"excerpt":{"rendered":"<p>En Serendipity Consulting SAC acompa\u00f1amos a las organizaciones en su camino hacia la excelencia, brindando soluciones en gesti\u00f3n, capacitaci\u00f3n e innovaci\u00f3n que se adaptan a cada industria. Desde el sector textil hasta la agroindustria, servicios, educaci\u00f3n y manufactura, ayudamos a las empresas a fortalecer sus procesos, cumplir con est\u00e1ndares internacionales y potenciar el talento humano. [&hellip;]<\/p>","protected":false},"author":1,"featured_media":0,"parent":0,"menu_order":0,"comment_status":"closed","ping_status":"closed","template":"","meta":{"footnotes":""},"class_list":["post-25","page","type-page","status-publish","hentry"],"_hostinger_reach_plugin_has_subscription_block":false,"_hostinger_reach_plugin_is_elementor":false,"_links":{"self":[{"href":"https:\/\/serendipityconsultingsac.com\/en\/wp-json\/wp\/v2\/pages\/25","targetHints":{"allow":["GET"]}}],"collection":[{"href":"https:\/\/serendipityconsultingsac.com\/en\/wp-json\/wp\/v2\/pages"}],"about":[{"href":"https:\/\/serendipityconsultingsac.com\/en\/wp-json\/wp\/v2\/types\/page"}],"author":[{"embeddable":true,"href":"https:\/\/serendipityconsultingsac.com\/en\/wp-json\/wp\/v2\/users\/1"}],"replies":[{"embeddable":true,"href":"https:\/\/serendipityconsultingsac.com\/en\/wp-json\/wp\/v2\/comments?post=25"}],"version-history":[{"count":66,"href":"https:\/\/serendipityconsultingsac.com\/en\/wp-json\/wp\/v2\/pages\/25\/revisions"}],"predecessor-version":[{"id":721,"href":"https:\/\/serendipityconsultingsac.com\/en\/wp-json\/wp\/v2\/pages\/25\/revisions\/721"}],"wp:attachment":[{"href":"https:\/\/serendipityconsultingsac.com\/en\/wp-json\/wp\/v2\/media?parent=25"}],"curies":[{"name":"wp","href":"https:\/\/api.w.org\/{rel}","templated":true}]}}